{"id":4440,"date":"2024-03-31T16:31:51","date_gmt":"2024-03-31T14:31:51","guid":{"rendered":"https:\/\/www.verdon-rosesetaromes.com\/?page_id=4440"},"modified":"2024-03-31T20:05:04","modified_gmt":"2024-03-31T18:05:04","slug":"conditions-generales-de-vente","status":"publish","type":"page","link":"https:\/\/www.verdon-rosesetaromes.com\/?page_id=4440","title":{"rendered":"Conditions g\u00e9n\u00e9rales de vente"},"content":{"rendered":"\t\t<div data-elementor-type=\"wp-page\" data-elementor-id=\"4440\" class=\"elementor elementor-4440\">\n\t\t\t\t<div class=\"has_eae_slider elementor-element elementor-element-94f58a8 e-flex e-con-boxed wpr-particle-no wpr-jarallax-no wpr-parallax-no wpr-sticky-section-no wpr-equal-height-no e-con e-parent\" data-eae-slider=\"49655\" data-id=\"94f58a8\" data-element_type=\"container\" data-e-type=\"container\">\n\t\t\t\t\t<div class=\"e-con-inner\">\n\t\t\t\t<div class=\"elementor-element elementor-element-2d6ca36 elementor-widget elementor-widget-spacer\" data-id=\"2d6ca36\" data-element_type=\"widget\" data-e-type=\"widget\" data-widget_type=\"spacer.default\">\n\t\t\t\t<div class=\"elementor-widget-container\">\n\t\t\t\t\t\t\t<div class=\"elementor-spacer\">\n\t\t\t<div class=\"elementor-spacer-inner\"><\/div>\n\t\t<\/div>\n\t\t\t\t\t\t<\/div>\n\t\t\t\t<\/div>\n\t\t\t\t<div class=\"elementor-element elementor-element-42d8185 elementor-widget-divider--view-line elementor-widget elementor-widget-divider\" data-id=\"42d8185\" data-element_type=\"widget\" data-e-type=\"widget\" data-widget_type=\"divider.default\">\n\t\t\t\t<div class=\"elementor-widget-container\">\n\t\t\t\t\t\t\t<div class=\"elementor-divider\">\n\t\t\t<span class=\"elementor-divider-separator\">\n\t\t\t\t\t\t<\/span>\n\t\t<\/div>\n\t\t\t\t\t\t<\/div>\n\t\t\t\t<\/div>\n\t\t\t\t<div class=\"elementor-element elementor-element-3f17da2 elementor-widget elementor-widget-heading\" data-id=\"3f17da2\" data-element_type=\"widget\" data-e-type=\"widget\" data-widget_type=\"heading.default\">\n\t\t\t\t<div class=\"elementor-widget-container\">\n\t\t\t\t\t<h2 class=\"elementor-heading-title elementor-size-default\">Conditions g\u00e9n\u00e9rales de vente<\/h2>\t\t\t\t<\/div>\n\t\t\t\t<\/div>\n\t\t\t\t<div class=\"elementor-element elementor-element-2bfb84b elementor-widget elementor-widget-spacer\" data-id=\"2bfb84b\" data-element_type=\"widget\" data-e-type=\"widget\" data-widget_type=\"spacer.default\">\n\t\t\t\t<div class=\"elementor-widget-container\">\n\t\t\t\t\t\t\t<div class=\"elementor-spacer\">\n\t\t\t<div class=\"elementor-spacer-inner\"><\/div>\n\t\t<\/div>\n\t\t\t\t\t\t<\/div>\n\t\t\t\t<\/div>\n\t\t\t\t<div class=\"elementor-element elementor-element-752f379 elementor-widget elementor-widget-text-editor\" data-id=\"752f379\" data-element_type=\"widget\" data-e-type=\"widget\" data-widget_type=\"text-editor.default\">\n\t\t\t\t<div class=\"elementor-widget-container\">\n\t\t\t\t\t\t\t\t\t<p><strong>1 &#8211; G\u00e9n\u00e9ralit\u00e9s<\/strong><br \/>Les pr\u00e9sentes conditions de vente d\u00e9finissent les relations contractuelles entre Verdon Roses &amp; Ar\u00f4mes, les Chauvets 04120 La Palud sur Verdon et les clients du site internet www.verdon-rosesetaromes.com.<\/p><p>Verdon Roses &amp; Ar\u00f4mes se r\u00e9serve le droit de pouvoir modifier les conditions de vente \u00e0 tout moment. Dans ce cas, les conditions applicables seront celles en vigueur \u00e0 la date de la commande par l&rsquo;acheteur. Toute commande faite est r\u00e9gie par les pr\u00e9sentes conditions. Le client d\u00e9clare en avoir pris connaissance et accept\u00e9 les droits et obligations y aff\u00e9rant.<\/p><p><strong>2 &#8211; Catalogue et produits<\/strong><br \/>\u00a0www.verdon-rosesetaromes.com est un site qui propose \u00e0 la vente des huiles essentielles, des eaux florales Biologiques et SIMPLES ainsi que des produits cosm\u00e9tiques \u00e9labor\u00e9s \u00e0 la ferme.<br \/>Concernant le catalogue de produits, le site s\u2019efforcera de fournir une repr\u00e9sentation la plus fid\u00e8le possible des produits bien que les documents, photographies et dessins soient non contractuels. Ces derniers restent la propri\u00e9t\u00e9 exclusive de Verdon Roses &amp; Ar\u00f4mes.<br \/>La disponibilit\u00e9 des produits est d\u00e9finie en fonction des quantit\u00e9s en stock.<\/p><p><strong>3 &#8211; Prix<\/strong><br \/>Les prix sont indiqu\u00e9s en EURO TTC. Ils ne comprennent pas les frais de port et d&#8217;emballage qui sont factur\u00e9s en suppl\u00e9ment et indiqu\u00e9s avant la validation de la commande. Le prix est payable en totalit\u00e9 \u00e0 la commande.<\/p><p><strong>4 &#8211; Frais de port<\/strong><br \/>Les frais de port comprennent le traitement, l&#8217;emballage et la livraison de votre commande. Ce sont des frais forfaitaires. Pour les envois UE ou hors UE,\u00a0 le tarif postal International s&rsquo;applique.<\/p><p><strong>5 &#8211; D\u00e9roulement de la commande<\/strong><br \/>Pour effectuer une commande, le client devra au pr\u00e9alable cr\u00e9er un compte client. Apr\u00e8s avoir v\u00e9rifi\u00e9 le contenu de sa commande, le client la valide d\u00e9finitivement par le paiement effectif du prix correspondant.<\/p><p><strong>6 &#8211; Modes de Paiement<\/strong><br \/>Le client a la possibilit\u00e9 de payer sa commande par :<br \/>&#8211; Paiement s\u00e9curis\u00e9 Paypal : qui permet l\u2019utilisation des cartes bancaires CB, VISA, Master Card ou American Express,\u00a0 ou d\u2019un compte Paypal.<br \/>&#8211; Ch\u00e8que \u00e0 l\u2019ordre de \u00ab\u00a0Verdon Roses &amp; Ar\u00f4mes\u00a0\u00bb, et dans ce cas le traitement de la commande ne d\u00e9butera qu\u2019apr\u00e8s r\u00e9ception et encaissement du ch\u00e8que par Verdon Roses &amp; Ar\u00f4mes<\/p><p><strong>7 &#8211; Livraison<\/strong><br \/>La livraison couvre la France m\u00e9tropolitaine. Elle est effectu\u00e9e par La Poste en Colissimo sans signature. Les produits en stock sont livr\u00e9s en g\u00e9n\u00e9ral 72 h en jours ouvr\u00e9s apr\u00e8s traitement de la commande. La livraison dans l&rsquo;Union Europ\u00e9enne et Hors Union Europ\u00e9enne se fait en colissimo International. La marchandise voyage aux risques du destinataire.<\/p><p><strong>8 &#8211; Garanties<\/strong><br \/>Verdon Roses &amp; Ar\u00f4mes fera l\u2019\u00e9change des produits en cas de d\u00e9faut signal\u00e9 dans les 10 jours suivant la r\u00e9ception du produit et renvoy\u00e9 dans son conditionnement d\u2019origine, accompagn\u00e9 de la facture concern\u00e9e. Les frais de retour du produit d\u00e9faillant seront rembours\u00e9s au client.<\/p><p><strong>9 &#8211; R\u00e9tractation<\/strong><br \/>Conform\u00e9ment aux dispositions de l\u2019article L121-16 du Code de la Consommation, le client b\u00e9n\u00e9ficie d\u2019un droit de se r\u00e9tracter et de renvoyer son ou ses produit(s) pendant sept jours francs \u00e0 compter de la date de livraison de ceux-ci. Le client doit en aviser la soci\u00e9t\u00e9 par mail dans le d\u00e9lai pr\u00e9c\u00e9demment cit\u00e9. De plus, il doit renvoyer \u00e0 ses frais le(s) produit(s) non utilis\u00e9(s), dans son (leur) emballage d\u2019origine, accompagn\u00e9(s) d\u2019une copie de sa facture.<br \/>Verdon Roses &amp; Ar\u00f4mes proc\u00e9dera au remboursement du ou des produits dans un d\u00e9lai de trente jours \u00e0 compter de la r\u00e9ception par Verdon Roses &amp; Ar\u00f4mes de la demande de r\u00e9tractation exerc\u00e9e par le client, et \u00e0 condition que le produit ait \u00e9t\u00e9 restitu\u00e9 \u00e0 Verdon Roses &amp; Ar\u00f4mes.<\/p><p><strong>10- Confidentialit\u00e9<\/strong><br \/>Les\u00a0 informations personnelles restent la\u00a0 propri\u00e9t\u00e9 de l&rsquo;acheteur. Aucune information concernant l&rsquo;acheteur ne sera divulgu\u00e9 ni utilis\u00e9 \u00e0 des fins commerciales.<\/p><p><strong>11 &#8211; Litiges<\/strong><br \/>En cas de litige ou de contestation, les tribunaux seront seuls comp\u00e9tents.<\/p>\t\t\t\t\t\t\t\t<\/div>\n\t\t\t\t<\/div>\n\t\t\t\t\t<\/div>\n\t\t\t\t<\/div>\n\t\t<div class=\"has_eae_slider elementor-element elementor-element-e188f96 e-flex e-con-boxed wpr-particle-no wpr-jarallax-no wpr-parallax-no wpr-sticky-section-no wpr-equal-height-no e-con e-parent\" data-eae-slider=\"43792\" data-id=\"e188f96\" data-element_type=\"container\" data-e-type=\"container\">\n\t\t\t\t\t<div class=\"e-con-inner\">\n\t\t\t\t<div class=\"elementor-element elementor-element-50fde48 elementor-widget elementor-widget-spacer\" data-id=\"50fde48\" data-element_type=\"widget\" data-e-type=\"widget\" data-widget_type=\"spacer.default\">\n\t\t\t\t<div class=\"elementor-widget-container\">\n\t\t\t\t\t\t\t<div class=\"elementor-spacer\">\n\t\t\t<div class=\"elementor-spacer-inner\"><\/div>\n\t\t<\/div>\n\t\t\t\t\t\t<\/div>\n\t\t\t\t<\/div>\n\t\t\t\t\t<\/div>\n\t\t\t\t<\/div>\n\t\t\t\t<\/div>\n\t\t","protected":false},"excerpt":{"rendered":"<p>Conditions g\u00e9n\u00e9rales de vente 1 &#8211; G\u00e9n\u00e9ralit\u00e9sLes pr\u00e9sentes conditions de vente d\u00e9finissent les relations contractuelles entre Verdon Roses &amp; Ar\u00f4mes, les Chauvets 04120 La Palud sur Verdon et les clients du site internet www.verdon-rosesetaromes.com. Verdon Roses &amp; Ar\u00f4mes se r\u00e9serve le droit de pouvoir modifier les conditions de vente \u00e0 tout moment. Dans ce cas, les conditions applicables seront celles en vigueur \u00e0 la date de la commande par l&rsquo;acheteur. Toute commande faite est r\u00e9gie par les pr\u00e9sentes conditions. Le client d\u00e9clare en avoir pris connaissance et accept\u00e9 les droits et obligations y aff\u00e9rant. 2 &#8211; Catalogue et produits\u00a0www.verdon-rosesetaromes.com est un site qui propose \u00e0 la vente des huiles essentielles, des eaux florales Biologiques et SIMPLES ainsi que des produits cosm\u00e9tiques \u00e9labor\u00e9s \u00e0 la ferme.Concernant le catalogue de produits, le site s\u2019efforcera de fournir une repr\u00e9sentation la plus fid\u00e8le possible des produits bien que les documents, photographies et dessins soient non contractuels. Ces derniers restent la propri\u00e9t\u00e9 exclusive de Verdon Roses &amp; Ar\u00f4mes.La disponibilit\u00e9 des produits est d\u00e9finie en fonction des quantit\u00e9s en stock. 3 &#8211; PrixLes prix sont indiqu\u00e9s en EURO TTC. Ils ne comprennent pas les frais de port et d&#8217;emballage qui sont factur\u00e9s en suppl\u00e9ment et indiqu\u00e9s avant la validation de la commande. Le prix est payable en totalit\u00e9 \u00e0 la commande. 4 &#8211; Frais de portLes frais de port comprennent le traitement, l&#8217;emballage et la livraison de votre commande. Ce sont des frais forfaitaires. Pour les envois UE ou hors UE,\u00a0 le tarif postal International s&rsquo;applique. 5 &#8211; D\u00e9roulement de la commandePour effectuer une commande, le client devra au pr\u00e9alable cr\u00e9er un compte client. Apr\u00e8s avoir v\u00e9rifi\u00e9 le contenu de sa commande, le client la valide d\u00e9finitivement par le paiement effectif du prix correspondant. 6 &#8211; Modes de PaiementLe client a la possibilit\u00e9 de payer sa commande par :&#8211; Paiement s\u00e9curis\u00e9 Paypal : qui permet l\u2019utilisation des cartes bancaires CB, VISA, Master Card ou American Express,\u00a0 ou d\u2019un compte Paypal.&#8211; Ch\u00e8que \u00e0 l\u2019ordre de \u00ab\u00a0Verdon Roses &amp; Ar\u00f4mes\u00a0\u00bb, et dans ce cas le traitement de la commande ne d\u00e9butera qu\u2019apr\u00e8s r\u00e9ception et encaissement du ch\u00e8que par Verdon Roses &amp; Ar\u00f4mes 7 &#8211; LivraisonLa livraison couvre la France m\u00e9tropolitaine. Elle est effectu\u00e9e par La Poste en Colissimo sans signature. Les produits en stock sont livr\u00e9s en g\u00e9n\u00e9ral 72 h en jours ouvr\u00e9s apr\u00e8s traitement de la commande. La livraison dans l&rsquo;Union Europ\u00e9enne et Hors Union Europ\u00e9enne se fait en colissimo International. La marchandise voyage aux risques du destinataire. 8 &#8211; GarantiesVerdon Roses &amp; Ar\u00f4mes fera l\u2019\u00e9change des produits en cas de d\u00e9faut signal\u00e9 dans les 10 jours suivant la r\u00e9ception du produit et renvoy\u00e9 dans son conditionnement d\u2019origine, accompagn\u00e9 de la facture concern\u00e9e. Les frais de retour du produit d\u00e9faillant seront rembours\u00e9s au client. 9 &#8211; R\u00e9tractationConform\u00e9ment aux dispositions de l\u2019article L121-16 du Code de la Consommation, le client b\u00e9n\u00e9ficie d\u2019un droit de se r\u00e9tracter et de renvoyer son ou ses produit(s) pendant sept jours francs \u00e0 compter de la date de livraison de ceux-ci. Le client doit en aviser la soci\u00e9t\u00e9 par mail dans le d\u00e9lai pr\u00e9c\u00e9demment cit\u00e9. De plus, il doit renvoyer \u00e0 ses frais le(s) produit(s) non utilis\u00e9(s), dans son (leur) emballage d\u2019origine, accompagn\u00e9(s) d\u2019une copie de sa facture.Verdon Roses &amp; Ar\u00f4mes proc\u00e9dera au remboursement du ou des produits dans un d\u00e9lai de trente jours \u00e0 compter de la r\u00e9ception par Verdon Roses &amp; Ar\u00f4mes de la demande de r\u00e9tractation exerc\u00e9e par le client, et \u00e0 condition que le produit ait \u00e9t\u00e9 restitu\u00e9 \u00e0 Verdon Roses &amp; Ar\u00f4mes. 10- Confidentialit\u00e9Les\u00a0 informations personnelles restent la\u00a0 propri\u00e9t\u00e9 de l&rsquo;acheteur. Aucune information concernant l&rsquo;acheteur ne sera divulgu\u00e9 ni utilis\u00e9 \u00e0 des fins commerciales. 11 &#8211; LitigesEn cas de litige ou de contestation, les tribunaux seront seuls comp\u00e9tents.<\/p>\n","protected":false},"author":1,"featured_media":0,"parent":0,"menu_order":0,"comment_status":"closed","ping_status":"closed","template":"","meta":{"om_disable_all_campaigns":false,"ocean_post_layout":"","ocean_both_sidebars_style":"","ocean_both_sidebars_content_width":0,"ocean_both_sidebars_sidebars_width":0,"ocean_sidebar":"","ocean_second_sidebar":"","ocean_disable_margins":"enable","ocean_add_body_class":"","ocean_shortcode_before_top_bar":"","ocean_shortcode_after_top_bar":"","ocean_shortcode_before_header":"","ocean_shortcode_after_header":"","ocean_has_shortcode":"","ocean_shortcode_after_title":"","ocean_shortcode_before_footer_widgets":"","ocean_shortcode_after_footer_widgets":"","ocean_shortcode_before_footer_bottom":"","ocean_shortcode_after_footer_bottom":"","ocean_display_top_bar":"default","ocean_display_header":"default","ocean_header_style":"","ocean_center_header_left_menu":"","ocean_custom_header_template":"","ocean_custom_logo":0,"ocean_custom_retina_logo":0,"ocean_custom_logo_max_width":0,"ocean_custom_logo_tablet_max_width":0,"ocean_custom_logo_mobile_max_width":0,"ocean_custom_logo_max_height":0,"ocean_custom_logo_tablet_max_height":0,"ocean_custom_logo_mobile_max_height":0,"ocean_header_custom_menu":"","ocean_menu_typo_font_family":"","ocean_menu_typo_font_subset":"","ocean_menu_typo_font_size":0,"ocean_menu_typo_font_size_tablet":0,"ocean_menu_typo_font_size_mobile":0,"ocean_menu_typo_font_size_unit":"px","ocean_menu_typo_font_weight":"","ocean_menu_typo_font_weight_tablet":"","ocean_menu_typo_font_weight_mobile":"","ocean_menu_typo_transform":"","ocean_menu_typo_transform_tablet":"","ocean_menu_typo_transform_mobile":"","ocean_menu_typo_line_height":0,"ocean_menu_typo_line_height_tablet":0,"ocean_menu_typo_line_height_mobile":0,"ocean_menu_typo_line_height_unit":"","ocean_menu_typo_spacing":0,"ocean_menu_typo_spacing_tablet":0,"ocean_menu_typo_spacing_mobile":0,"ocean_menu_typo_spacing_unit":"","ocean_menu_link_color":"","ocean_menu_link_color_hover":"","ocean_menu_link_color_active":"","ocean_menu_link_background":"","ocean_menu_link_hover_background":"","ocean_menu_link_active_background":"","ocean_menu_social_links_bg":"","ocean_menu_social_hover_links_bg":"","ocean_menu_social_links_color":"","ocean_menu_social_hover_links_color":"","ocean_disable_title":"default","ocean_disable_heading":"default","ocean_post_title":"","ocean_post_subheading":"","ocean_post_title_style":"","ocean_post_title_background_color":"","ocean_post_title_background":0,"ocean_post_title_bg_image_position":"","ocean_post_title_bg_image_attachment":"","ocean_post_title_bg_image_repeat":"","ocean_post_title_bg_image_size":"","ocean_post_title_height":0,"ocean_post_title_bg_overlay":0.5,"ocean_post_title_bg_overlay_color":"","ocean_disable_breadcrumbs":"default","ocean_breadcrumbs_color":"","ocean_breadcrumbs_separator_color":"","ocean_breadcrumbs_links_color":"","ocean_breadcrumbs_links_hover_color":"","ocean_display_footer_widgets":"default","ocean_display_footer_bottom":"default","ocean_custom_footer_template":"","footnotes":""},"class_list":["post-4440","page","type-page","status-publish","hentry","entry","owp-thumbs-layout-horizontal","owp-btn-very-big","owp-tabs-layout-horizontal","has-no-thumbnails"],"_links":{"self":[{"href":"https:\/\/www.verdon-rosesetaromes.com\/index.php?rest_route=\/wp\/v2\/pages\/4440","targetHints":{"allow":["GET"]}}],"collection":[{"href":"https:\/\/www.verdon-rosesetaromes.com\/index.php?rest_route=\/wp\/v2\/pages"}],"about":[{"href":"https:\/\/www.verdon-rosesetaromes.com\/index.php?rest_route=\/wp\/v2\/types\/page"}],"author":[{"embeddable":true,"href":"https:\/\/www.verdon-rosesetaromes.com\/index.php?rest_route=\/wp\/v2\/users\/1"}],"replies":[{"embeddable":true,"href":"https:\/\/www.verdon-rosesetaromes.com\/index.php?rest_route=%2Fwp%2Fv2%2Fcomments&post=4440"}],"version-history":[{"count":0,"href":"https:\/\/www.verdon-rosesetaromes.com\/index.php?rest_route=\/wp\/v2\/pages\/4440\/revisions"}],"wp:attachment":[{"href":"https:\/\/www.verdon-rosesetaromes.com\/index.php?rest_route=%2Fwp%2Fv2%2Fmedia&parent=4440"}],"curies":[{"name":"wp","href":"https:\/\/api.w.org\/{rel}","templated":true}]}}