{"id":4753,"date":"2024-04-03T09:23:05","date_gmt":"2024-04-03T07:23:05","guid":{"rendered":"https:\/\/www.verdon-rosesetaromes.com\/?page_id=4753"},"modified":"2025-01-22T17:15:11","modified_gmt":"2025-01-22T16:15:11","slug":"livraison","status":"publish","type":"page","link":"https:\/\/www.verdon-rosesetaromes.com\/?page_id=4753","title":{"rendered":"Livraison"},"content":{"rendered":"\t\t<div data-elementor-type=\"wp-page\" data-elementor-id=\"4753\" class=\"elementor elementor-4753\">\n\t\t\t\t<div class=\"has_eae_slider elementor-element elementor-element-94f58a8 e-flex e-con-boxed wpr-particle-no wpr-jarallax-no wpr-parallax-no wpr-sticky-section-no wpr-equal-height-no e-con e-parent\" data-eae-slider=\"92029\" data-id=\"94f58a8\" data-element_type=\"container\" data-e-type=\"container\">\n\t\t\t\t\t<div class=\"e-con-inner\">\n\t\t\t\t<div class=\"elementor-element elementor-element-2d6ca36 elementor-widget elementor-widget-spacer\" data-id=\"2d6ca36\" data-element_type=\"widget\" data-e-type=\"widget\" data-widget_type=\"spacer.default\">\n\t\t\t\t<div class=\"elementor-widget-container\">\n\t\t\t\t\t\t\t<div class=\"elementor-spacer\">\n\t\t\t<div class=\"elementor-spacer-inner\"><\/div>\n\t\t<\/div>\n\t\t\t\t\t\t<\/div>\n\t\t\t\t<\/div>\n\t\t\t\t<div class=\"elementor-element elementor-element-42d8185 elementor-widget-divider--view-line elementor-widget elementor-widget-divider\" data-id=\"42d8185\" data-element_type=\"widget\" data-e-type=\"widget\" data-widget_type=\"divider.default\">\n\t\t\t\t<div class=\"elementor-widget-container\">\n\t\t\t\t\t\t\t<div class=\"elementor-divider\">\n\t\t\t<span class=\"elementor-divider-separator\">\n\t\t\t\t\t\t<\/span>\n\t\t<\/div>\n\t\t\t\t\t\t<\/div>\n\t\t\t\t<\/div>\n\t\t\t\t<div class=\"elementor-element elementor-element-3f17da2 elementor-widget elementor-widget-heading\" data-id=\"3f17da2\" data-element_type=\"widget\" data-e-type=\"widget\" data-widget_type=\"heading.default\">\n\t\t\t\t<div class=\"elementor-widget-container\">\n\t\t\t\t\t<h2 class=\"elementor-heading-title elementor-size-default\">Livraison<\/h2>\t\t\t\t<\/div>\n\t\t\t\t<\/div>\n\t\t\t\t<div class=\"elementor-element elementor-element-2bfb84b elementor-widget elementor-widget-spacer\" data-id=\"2bfb84b\" data-element_type=\"widget\" data-e-type=\"widget\" data-widget_type=\"spacer.default\">\n\t\t\t\t<div class=\"elementor-widget-container\">\n\t\t\t\t\t\t\t<div class=\"elementor-spacer\">\n\t\t\t<div class=\"elementor-spacer-inner\"><\/div>\n\t\t<\/div>\n\t\t\t\t\t\t<\/div>\n\t\t\t\t<\/div>\n\t\t\t\t<div class=\"elementor-element elementor-element-752f379 elementor-widget elementor-widget-text-editor\" data-id=\"752f379\" data-element_type=\"widget\" data-e-type=\"widget\" data-widget_type=\"text-editor.default\">\n\t\t\t\t<div class=\"elementor-widget-container\">\n\t\t\t\t\t\t\t\t\t<h3>Le transport de votre colis<\/h3><p>Les colis sont g\u00e9n\u00e9ralement exp\u00e9di\u00e9s en 3 jours ouvr\u00e9s apr\u00e8s r\u00e9ception de votre paiement. Le mode d&rsquo;exp\u00e9dition standard est le Colissimo suivi, remis sans signature.<\/p><p>Les frais d&rsquo;exp\u00e9dition comprennent l&#8217;emballage, la manutention et les frais postaux. Votre colis est exp\u00e9di\u00e9 \u00e0 vos propres risques, un soin particulier est apport\u00e9 au colis contenant des produits fragiles. Les colis sont surdimensionn\u00e9s et bien prot\u00e9g\u00e9s.<\/p><p>Le carton servant \u00e0 faire le colis, les produits de calages, le scotch utilis\u00e9 sont 100% recyclables et compostables, aucun plastique n&rsquo;est utilis\u00e9.<\/p><p>Nous mettons tout en \u0153uvre pour une livraison la plus rapide possible, mais nous situant dans un territoire \u00e9loign\u00e9 des axes, les d\u00e9lais d&rsquo;acheminement peuvent parfois vous sembler un peu plus longs. Soyez assur\u00e9s que nous faisons le maximum, et n&rsquo;h\u00e9sitez pas \u00e0 nous contacter en cas de besoin.<\/p><p><em>Pour les livraisons hors France m\u00e9tropolitaine, UE ou hors UE, les frais de port seront calcul\u00e9s selon le pays destinataire en fonction du tarif postal international. Merci de nous contacter par mail.<\/em><\/p>\t\t\t\t\t\t\t\t<\/div>\n\t\t\t\t<\/div>\n\t\t\t\t\t<\/div>\n\t\t\t\t<\/div>\n\t\t<div class=\"has_eae_slider elementor-element elementor-element-e188f96 e-flex e-con-boxed wpr-particle-no wpr-jarallax-no wpr-parallax-no wpr-sticky-section-no wpr-equal-height-no e-con e-parent\" data-eae-slider=\"29605\" data-id=\"e188f96\" data-element_type=\"container\" data-e-type=\"container\">\n\t\t\t\t\t<div class=\"e-con-inner\">\n\t\t\t\t<div class=\"elementor-element elementor-element-50fde48 elementor-widget elementor-widget-spacer\" data-id=\"50fde48\" data-element_type=\"widget\" data-e-type=\"widget\" data-widget_type=\"spacer.default\">\n\t\t\t\t<div class=\"elementor-widget-container\">\n\t\t\t\t\t\t\t<div class=\"elementor-spacer\">\n\t\t\t<div class=\"elementor-spacer-inner\"><\/div>\n\t\t<\/div>\n\t\t\t\t\t\t<\/div>\n\t\t\t\t<\/div>\n\t\t\t\t\t<\/div>\n\t\t\t\t<\/div>\n\t\t\t\t<\/div>\n\t\t","protected":false},"excerpt":{"rendered":"<p>Livraison Le transport de votre colis Les colis sont g\u00e9n\u00e9ralement exp\u00e9di\u00e9s en 3 jours ouvr\u00e9s apr\u00e8s r\u00e9ception de votre paiement. Le mode d&rsquo;exp\u00e9dition standard est le Colissimo suivi, remis sans signature. Les frais d&rsquo;exp\u00e9dition comprennent l&#8217;emballage, la manutention et les frais postaux. Votre colis est exp\u00e9di\u00e9 \u00e0 vos propres risques, un soin particulier est apport\u00e9 au colis contenant des produits fragiles. Les colis sont surdimensionn\u00e9s et bien prot\u00e9g\u00e9s. Le carton servant \u00e0 faire le colis, les produits de calages, le scotch utilis\u00e9 sont 100% recyclables et compostables, aucun plastique n&rsquo;est utilis\u00e9. Nous mettons tout en \u0153uvre pour une livraison la plus rapide possible, mais nous situant dans un territoire \u00e9loign\u00e9 des axes, les d\u00e9lais d&rsquo;acheminement peuvent parfois vous sembler un peu plus longs. Soyez assur\u00e9s que nous faisons le maximum, et n&rsquo;h\u00e9sitez pas \u00e0 nous contacter en cas de besoin. Pour les livraisons hors France m\u00e9tropolitaine, UE ou hors UE, les frais de port seront calcul\u00e9s selon le pays destinataire en fonction du tarif postal international. Merci de nous contacter par mail.<\/p>\n","protected":false},"author":1,"featured_media":0,"parent":0,"menu_order":0,"comment_status":"closed","ping_status":"closed","template":"","meta":{"om_disable_all_campaigns":false,"ocean_post_layout":"","ocean_both_sidebars_style":"","ocean_both_sidebars_content_width":0,"ocean_both_sidebars_sidebars_width":0,"ocean_sidebar":"","ocean_second_sidebar":"","ocean_disable_margins":"enable","ocean_add_body_class":"","ocean_shortcode_before_top_bar":"","ocean_shortcode_after_top_bar":"","ocean_shortcode_before_header":"","ocean_shortcode_after_header":"","ocean_has_shortcode":"","ocean_shortcode_after_title":"","ocean_shortcode_before_footer_widgets":"","ocean_shortcode_after_footer_widgets":"","ocean_shortcode_before_footer_bottom":"","ocean_shortcode_after_footer_bottom":"","ocean_display_top_bar":"default","ocean_display_header":"default","ocean_header_style":"","ocean_center_header_left_menu":"","ocean_custom_header_template":"","ocean_custom_logo":0,"ocean_custom_retina_logo":0,"ocean_custom_logo_max_width":0,"ocean_custom_logo_tablet_max_width":0,"ocean_custom_logo_mobile_max_width":0,"ocean_custom_logo_max_height":0,"ocean_custom_logo_tablet_max_height":0,"ocean_custom_logo_mobile_max_height":0,"ocean_header_custom_menu":"","ocean_menu_typo_font_family":"","ocean_menu_typo_font_subset":"","ocean_menu_typo_font_size":0,"ocean_menu_typo_font_size_tablet":0,"ocean_menu_typo_font_size_mobile":0,"ocean_menu_typo_font_size_unit":"px","ocean_menu_typo_font_weight":"","ocean_menu_typo_font_weight_tablet":"","ocean_menu_typo_font_weight_mobile":"","ocean_menu_typo_transform":"","ocean_menu_typo_transform_tablet":"","ocean_menu_typo_transform_mobile":"","ocean_menu_typo_line_height":0,"ocean_menu_typo_line_height_tablet":0,"ocean_menu_typo_line_height_mobile":0,"ocean_menu_typo_line_height_unit":"","ocean_menu_typo_spacing":0,"ocean_menu_typo_spacing_tablet":0,"ocean_menu_typo_spacing_mobile":0,"ocean_menu_typo_spacing_unit":"","ocean_menu_link_color":"","ocean_menu_link_color_hover":"","ocean_menu_link_color_active":"","ocean_menu_link_background":"","ocean_menu_link_hover_background":"","ocean_menu_link_active_background":"","ocean_menu_social_links_bg":"","ocean_menu_social_hover_links_bg":"","ocean_menu_social_links_color":"","ocean_menu_social_hover_links_color":"","ocean_disable_title":"default","ocean_disable_heading":"default","ocean_post_title":"","ocean_post_subheading":"","ocean_post_title_style":"","ocean_post_title_background_color":"","ocean_post_title_background":0,"ocean_post_title_bg_image_position":"","ocean_post_title_bg_image_attachment":"","ocean_post_title_bg_image_repeat":"","ocean_post_title_bg_image_size":"","ocean_post_title_height":0,"ocean_post_title_bg_overlay":0.5,"ocean_post_title_bg_overlay_color":"","ocean_disable_breadcrumbs":"default","ocean_breadcrumbs_color":"","ocean_breadcrumbs_separator_color":"","ocean_breadcrumbs_links_color":"","ocean_breadcrumbs_links_hover_color":"","ocean_display_footer_widgets":"default","ocean_display_footer_bottom":"default","ocean_custom_footer_template":"","footnotes":""},"class_list":["post-4753","page","type-page","status-publish","hentry","entry","owp-thumbs-layout-horizontal","owp-btn-very-big","owp-tabs-layout-horizontal","has-no-thumbnails"],"_links":{"self":[{"href":"https:\/\/www.verdon-rosesetaromes.com\/index.php?rest_route=\/wp\/v2\/pages\/4753","targetHints":{"allow":["GET"]}}],"collection":[{"href":"https:\/\/www.verdon-rosesetaromes.com\/index.php?rest_route=\/wp\/v2\/pages"}],"about":[{"href":"https:\/\/www.verdon-rosesetaromes.com\/index.php?rest_route=\/wp\/v2\/types\/page"}],"author":[{"embeddable":true,"href":"https:\/\/www.verdon-rosesetaromes.com\/index.php?rest_route=\/wp\/v2\/users\/1"}],"replies":[{"embeddable":true,"href":"https:\/\/www.verdon-rosesetaromes.com\/index.php?rest_route=%2Fwp%2Fv2%2Fcomments&post=4753"}],"version-history":[{"count":0,"href":"https:\/\/www.verdon-rosesetaromes.com\/index.php?rest_route=\/wp\/v2\/pages\/4753\/revisions"}],"wp:attachment":[{"href":"https:\/\/www.verdon-rosesetaromes.com\/index.php?rest_route=%2Fwp%2Fv2%2Fmedia&parent=4753"}],"curies":[{"name":"wp","href":"https:\/\/api.w.org\/{rel}","templated":true}]}}