{"id":2049,"date":"2024-02-19T12:22:55","date_gmt":"2024-02-19T11:22:55","guid":{"rendered":"https:\/\/www.verdon-rosesetaromes.com\/?post_type=product&#038;p=2049"},"modified":"2026-01-06T17:01:15","modified_gmt":"2026-01-06T16:01:15","slug":"confort-urinaire","status":"publish","type":"product","link":"https:\/\/www.verdon-rosesetaromes.com\/?product=confort-urinaire","title":{"rendered":"Confort urinaire"},"content":{"rendered":"<p><strong>Composition de la cure :<\/strong><\/p>\n<ul>\n<li><strong>Synergie Cisti&rsquo;Flor, a<\/strong><strong>ction assainissante et d\u00e9sinfectante de l&rsquo;ensemble du syst\u00e8me urinaire.<\/strong><\/li>\n<li><strong>Hydrolat de Pin Sylvestre, action d\u00e9toxifiante de la sph\u00e8re r\u00e9nale.<\/strong><\/li>\n<li><strong>Alcoolature de Pissenlit, action diur\u00e9tique.<\/strong><\/li>\n<\/ul>\n","protected":false},"excerpt":{"rendered":"<div>\n<p><strong>Cure visant \u00e0 assainir le syst\u00e8me urinaire et favoriser l&rsquo;\u00e9limination.<\/strong><\/p>\n<p><strong>Cure de 28 jours.<\/strong><\/p>\n<\/div>\n<div>\n<div>\n<p><strong>Conseils d\u2019utilisation fournis avec la cure.<\/strong><\/p>\n<\/div>\n<div>\n<div>\n<p><strong>Ces cures ne sont pas substituables \u00e0 une bonne hygi\u00e8ne de vie, ni \u00e0 l\u2019avis d\u2019un professionnel de sant\u00e9.<\/strong><\/p>\n<p><strong>En cas de doute, consultez votre m\u00e9decin.<\/strong><\/p>\n<p><strong>Agriculture Biologique, SIMPLES.<\/strong><\/p>\n<p>&nbsp;<\/p>\n<\/div>\n<div>Exp\u00e9dition par la poste entre 2 et 4 jours.<\/div>\n<div>T\u00e9l\u00e9phone : 06 76 71 95 67<\/div>\n<div>Email : <a class=\"dropdown\" href=\"mailto:verdonrosesetaromes@hotmail.fr\">verdonrosesetaromes@hotmail.fr<\/a><\/div>\n<div>\n<p>Paiement s\u00e9curis\u00e9 par Carte Bancaire ou par ch\u00e8que.<\/p>\n<\/div>\n<\/div>\n<\/div>\n","protected":false},"featured_media":5758,"comment_status":"open","ping_status":"closed","template":"","meta":{"om_disable_all_campaigns":false,"ocean_post_layout":"","ocean_both_sidebars_style":"","ocean_both_sidebars_content_width":0,"ocean_both_sidebars_sidebars_width":0,"ocean_sidebar":"0","ocean_second_sidebar":"0","ocean_disable_margins":"enable","ocean_add_body_class":"","ocean_shortcode_before_top_bar":"","ocean_shortcode_after_top_bar":"","ocean_shortcode_before_header":"","ocean_shortcode_after_header":"","ocean_has_shortcode":"","ocean_shortcode_after_title":"","ocean_shortcode_before_footer_widgets":"","ocean_shortcode_after_footer_widgets":"","ocean_shortcode_before_footer_bottom":"","ocean_shortcode_after_footer_bottom":"","ocean_display_top_bar":"default","ocean_display_header":"default","ocean_header_style":"","ocean_center_header_left_menu":"0","ocean_custom_header_template":"0","ocean_custom_logo":0,"ocean_custom_retina_logo":0,"ocean_custom_logo_max_width":0,"ocean_custom_logo_tablet_max_width":0,"ocean_custom_logo_mobile_max_width":0,"ocean_custom_logo_max_height":0,"ocean_custom_logo_tablet_max_height":0,"ocean_custom_logo_mobile_max_height":0,"ocean_header_custom_menu":"0","ocean_menu_typo_font_family":"0","ocean_menu_typo_font_subset":"","ocean_menu_typo_font_size":0,"ocean_menu_typo_font_size_tablet":0,"ocean_menu_typo_font_size_mobile":0,"ocean_menu_typo_font_size_unit":"px","ocean_menu_typo_font_weight":"","ocean_menu_typo_font_weight_tablet":"","ocean_menu_typo_font_weight_mobile":"","ocean_menu_typo_transform":"","ocean_menu_typo_transform_tablet":"","ocean_menu_typo_transform_mobile":"","ocean_menu_typo_line_height":0,"ocean_menu_typo_line_height_tablet":0,"ocean_menu_typo_line_height_mobile":0,"ocean_menu_typo_line_height_unit":"","ocean_menu_typo_spacing":0,"ocean_menu_typo_spacing_tablet":0,"ocean_menu_typo_spacing_mobile":0,"ocean_menu_typo_spacing_unit":"","ocean_menu_link_color":"","ocean_menu_link_color_hover":"","ocean_menu_link_color_active":"","ocean_menu_link_background":"","ocean_menu_link_hover_background":"","ocean_menu_link_active_background":"","ocean_menu_social_links_bg":"","ocean_menu_social_hover_links_bg":"","ocean_menu_social_links_color":"","ocean_menu_social_hover_links_color":"","ocean_disable_title":"default","ocean_disable_heading":"default","ocean_post_title":"","ocean_post_subheading":"","ocean_post_title_style":"","ocean_post_title_background_color":"","ocean_post_title_background":0,"ocean_post_title_bg_image_position":"","ocean_post_title_bg_image_attachment":"","ocean_post_title_bg_image_repeat":"","ocean_post_title_bg_image_size":"","ocean_post_title_height":0,"ocean_post_title_bg_overlay":0.5,"ocean_post_title_bg_overlay_color":"","ocean_disable_breadcrumbs":"default","ocean_breadcrumbs_color":"","ocean_breadcrumbs_separator_color":"","ocean_breadcrumbs_links_color":"","ocean_breadcrumbs_links_hover_color":"","ocean_display_footer_widgets":"default","ocean_display_footer_bottom":"default","ocean_custom_footer_template":"0"},"product_brand":[],"product_cat":[182],"product_tag":[],"class_list":{"0":"post-2049","1":"product","2":"type-product","3":"status-publish","4":"has-post-thumbnail","6":"product_cat-cures-reequilibrantes","8":"entry","9":"has-media","11":"first","12":"instock","13":"taxable","14":"shipping-taxable","15":"purchasable","16":"product-type-simple","17":"col","18":"span_1_of_4","19":"owp-content-center","20":"owp-thumbs-layout-horizontal","21":"owp-btn-very-big","22":"owp-tabs-layout-horizontal","23":"has-no-thumbnails"},"_links":{"self":[{"href":"https:\/\/www.verdon-rosesetaromes.com\/index.php?rest_route=\/wp\/v2\/product\/2049","targetHints":{"allow":["GET"]}}],"collection":[{"href":"https:\/\/www.verdon-rosesetaromes.com\/index.php?rest_route=\/wp\/v2\/product"}],"about":[{"href":"https:\/\/www.verdon-rosesetaromes.com\/index.php?rest_route=\/wp\/v2\/types\/product"}],"replies":[{"embeddable":true,"href":"https:\/\/www.verdon-rosesetaromes.com\/index.php?rest_route=%2Fwp%2Fv2%2Fcomments&post=2049"}],"version-history":[{"count":1,"href":"https:\/\/www.verdon-rosesetaromes.com\/index.php?rest_route=\/wp\/v2\/product\/2049\/revisions"}],"predecessor-version":[{"id":7176,"href":"https:\/\/www.verdon-rosesetaromes.com\/index.php?rest_route=\/wp\/v2\/product\/2049\/revisions\/7176"}],"wp:featuredmedia":[{"embeddable":true,"href":"https:\/\/www.verdon-rosesetaromes.com\/index.php?rest_route=\/wp\/v2\/media\/5758"}],"wp:attachment":[{"href":"https:\/\/www.verdon-rosesetaromes.com\/index.php?rest_route=%2Fwp%2Fv2%2Fmedia&parent=2049"}],"wp:term":[{"taxonomy":"product_brand","embeddable":true,"href":"https:\/\/www.verdon-rosesetaromes.com\/index.php?rest_route=%2Fwp%2Fv2%2Fproduct_brand&post=2049"},{"taxonomy":"product_cat","embeddable":true,"href":"https:\/\/www.verdon-rosesetaromes.com\/index.php?rest_route=%2Fwp%2Fv2%2Fproduct_cat&post=2049"},{"taxonomy":"product_tag","embeddable":true,"href":"https:\/\/www.verdon-rosesetaromes.com\/index.php?rest_route=%2Fwp%2Fv2%2Fproduct_tag&post=2049"}],"curies":[{"name":"wp","href":"https:\/\/api.w.org\/{rel}","templated":true}]}}