{"id":455,"date":"2024-01-31T16:42:18","date_gmt":"2024-01-31T15:42:18","guid":{"rendered":"https:\/\/www.verdon-rosesetaromes.com\/?post_type=product&#038;p=455"},"modified":"2026-04-23T01:07:57","modified_gmt":"2026-04-22T23:07:57","slug":"embrasse-moi","status":"publish","type":"product","link":"https:\/\/www.verdon-rosesetaromes.com\/?product=embrasse-moi","title":{"rendered":"Embrasse Moi !"},"content":{"rendered":"<p><strong>Baume aromatique pour les l\u00e8vres, r\u00e9parateur et nourrissant, en format pratique. Nourrit et prot\u00e8ge vos l\u00e8vres en douceur.<\/strong><\/p>\n<p><strong>Ingr\u00e9dients :<\/strong> mac\u00e9rats de fleurs de millepertuis**, de fleurs de lavande officinale**, huile d&rsquo;avocat*, beurre de karit\u00e9***, huile de macadamia*, d&rsquo;olive*, de jojoba*, miel**, cire d&rsquo;abeille (opercules)*, huile essentielle de lavande officinale sauvage**.<br \/>\n* : issus de l&rsquo;agriculture biologique.<br \/>\n**: produits \u00e0 la ferme et issus de l&rsquo;agriculture biologique.<br \/>\n*** : produit par l&rsquo;association des femmes du village de Kangala : Kan K\u00ea Le Fo, Burkina Faso.<\/p>\n<p><strong>Ingr\u00e9dients (INCI) :<\/strong> olea europaea fruit oil*\/ hypericum perforatum flower extract*, macadamia ternifolia seed oil*\/ lavandula angustifolia flower extract*, cera alba, simmondsia chinensis seed oil*, persea gratisima oil*, butyrospermum parkii butter, honey*, lavandula angustifolia oil*, linalol**, limon\u00e8ne**, g\u00e9raniol**.<br \/>\n* : issus de l&rsquo;agriculture biologique \/ ingredients from organic farming.<br \/>\n** : composants naturels des huiles essentielles \/ natural components of essential oils.<\/p>\n","protected":false},"excerpt":{"rendered":"<h2><strong>6 ml<\/strong><\/h2>\n<p><strong>Embrasse-moi ! Le s<\/strong><strong>tick des l\u00e8vres s\u00e8ches, ab\u00eem\u00e9es, d\u00e9shydrat\u00e9es. <\/strong><\/p>\n<p><strong>\u00c0 base de cire d&rsquo;abeille protectrice, d&rsquo;une synergie de mac\u00e9rats aux plantes r\u00e9paratrices, d&rsquo;huiles v\u00e9g\u00e9tales pr\u00e9cieuses, de miel et d&rsquo;une petite touche d&rsquo;huile essentielle de lavande officinale sauvage pour ses propri\u00e9t\u00e9s cicatrisantes : indispensable dans le sac ou la poche ! <\/strong><\/p>\n<p><strong>L&rsquo;essayer c&rsquo;est l&rsquo;adorer !<\/strong><\/p>\n<p><strong>Produits naturels issus de l&rsquo;agriculture biologique<\/strong><\/p>\n<div>Exp\u00e9dition par la poste entre 2 et 4 jours.<\/div>\n<div>T\u00e9l\u00e9phone : 06 76 71 95 67<\/div>\n<div>Email : <a class=\"dropdown\" href=\"mailto:verdonrosesetaromes@hotmail.fr\">verdonrosesetaromes@hotmail.fr<\/a><\/div>\n<div>\n<p>Paiement s\u00e9curis\u00e9 par Carte Bancaire ou par ch\u00e8que.<\/p>\n<\/div>\n","protected":false},"featured_media":1049,"comment_status":"open","ping_status":"closed","template":"","meta":{"om_disable_all_campaigns":false,"ocean_post_layout":"","ocean_both_sidebars_style":"","ocean_both_sidebars_content_width":0,"ocean_both_sidebars_sidebars_width":0,"ocean_sidebar":"0","ocean_second_sidebar":"0","ocean_disable_margins":"enable","ocean_add_body_class":"","ocean_shortcode_before_top_bar":"","ocean_shortcode_after_top_bar":"","ocean_shortcode_before_header":"","ocean_shortcode_after_header":"","ocean_has_shortcode":"","ocean_shortcode_after_title":"","ocean_shortcode_before_footer_widgets":"","ocean_shortcode_after_footer_widgets":"","ocean_shortcode_before_footer_bottom":"","ocean_shortcode_after_footer_bottom":"","ocean_display_top_bar":"default","ocean_display_header":"default","ocean_header_style":"","ocean_center_header_left_menu":"0","ocean_custom_header_template":"0","ocean_custom_logo":0,"ocean_custom_retina_logo":0,"ocean_custom_logo_max_width":0,"ocean_custom_logo_tablet_max_width":0,"ocean_custom_logo_mobile_max_width":0,"ocean_custom_logo_max_height":0,"ocean_custom_logo_tablet_max_height":0,"ocean_custom_logo_mobile_max_height":0,"ocean_header_custom_menu":"0","ocean_menu_typo_font_family":"0","ocean_menu_typo_font_subset":"","ocean_menu_typo_font_size":0,"ocean_menu_typo_font_size_tablet":0,"ocean_menu_typo_font_size_mobile":0,"ocean_menu_typo_font_size_unit":"px","ocean_menu_typo_font_weight":"","ocean_menu_typo_font_weight_tablet":"","ocean_menu_typo_font_weight_mobile":"","ocean_menu_typo_transform":"","ocean_menu_typo_transform_tablet":"","ocean_menu_typo_transform_mobile":"","ocean_menu_typo_line_height":0,"ocean_menu_typo_line_height_tablet":0,"ocean_menu_typo_line_height_mobile":0,"ocean_menu_typo_line_height_unit":"","ocean_menu_typo_spacing":0,"ocean_menu_typo_spacing_tablet":0,"ocean_menu_typo_spacing_mobile":0,"ocean_menu_typo_spacing_unit":"","ocean_menu_link_color":"","ocean_menu_link_color_hover":"","ocean_menu_link_color_active":"","ocean_menu_link_background":"","ocean_menu_link_hover_background":"","ocean_menu_link_active_background":"","ocean_menu_social_links_bg":"","ocean_menu_social_hover_links_bg":"","ocean_menu_social_links_color":"","ocean_menu_social_hover_links_color":"","ocean_disable_title":"default","ocean_disable_heading":"default","ocean_post_title":"","ocean_post_subheading":"","ocean_post_title_style":"","ocean_post_title_background_color":"","ocean_post_title_background":0,"ocean_post_title_bg_image_position":"","ocean_post_title_bg_image_attachment":"","ocean_post_title_bg_image_repeat":"","ocean_post_title_bg_image_size":"","ocean_post_title_height":0,"ocean_post_title_bg_overlay":0.5,"ocean_post_title_bg_overlay_color":"","ocean_disable_breadcrumbs":"default","ocean_breadcrumbs_color":"","ocean_breadcrumbs_separator_color":"","ocean_breadcrumbs_links_color":"","ocean_breadcrumbs_links_hover_color":"","ocean_display_footer_widgets":"default","ocean_display_footer_bottom":"default","ocean_custom_footer_template":"0"},"product_brand":[],"product_cat":[53],"product_tag":[24,25,23],"class_list":{"0":"post-455","1":"product","2":"type-product","3":"status-publish","4":"has-post-thumbnail","6":"product_cat-baumes","7":"product_tag-baume-aromatique-levres","8":"product_tag-nourrissant","9":"product_tag-reparateur","10":"product_shipping_class-tranche1","12":"entry","13":"has-media","15":"first","16":"instock","17":"taxable","18":"shipping-taxable","19":"purchasable","20":"product-type-simple","21":"col","22":"span_1_of_4","23":"owp-content-center","24":"owp-thumbs-layout-horizontal","25":"owp-btn-very-big","26":"owp-tabs-layout-horizontal","27":"has-no-thumbnails"},"_links":{"self":[{"href":"https:\/\/www.verdon-rosesetaromes.com\/index.php?rest_route=\/wp\/v2\/product\/455","targetHints":{"allow":["GET"]}}],"collection":[{"href":"https:\/\/www.verdon-rosesetaromes.com\/index.php?rest_route=\/wp\/v2\/product"}],"about":[{"href":"https:\/\/www.verdon-rosesetaromes.com\/index.php?rest_route=\/wp\/v2\/types\/product"}],"replies":[{"embeddable":true,"href":"https:\/\/www.verdon-rosesetaromes.com\/index.php?rest_route=%2Fwp%2Fv2%2Fcomments&post=455"}],"version-history":[{"count":1,"href":"https:\/\/www.verdon-rosesetaromes.com\/index.php?rest_route=\/wp\/v2\/product\/455\/revisions"}],"predecessor-version":[{"id":7618,"href":"https:\/\/www.verdon-rosesetaromes.com\/index.php?rest_route=\/wp\/v2\/product\/455\/revisions\/7618"}],"wp:featuredmedia":[{"embeddable":true,"href":"https:\/\/www.verdon-rosesetaromes.com\/index.php?rest_route=\/wp\/v2\/media\/1049"}],"wp:attachment":[{"href":"https:\/\/www.verdon-rosesetaromes.com\/index.php?rest_route=%2Fwp%2Fv2%2Fmedia&parent=455"}],"wp:term":[{"taxonomy":"product_brand","embeddable":true,"href":"https:\/\/www.verdon-rosesetaromes.com\/index.php?rest_route=%2Fwp%2Fv2%2Fproduct_brand&post=455"},{"taxonomy":"product_cat","embeddable":true,"href":"https:\/\/www.verdon-rosesetaromes.com\/index.php?rest_route=%2Fwp%2Fv2%2Fproduct_cat&post=455"},{"taxonomy":"product_tag","embeddable":true,"href":"https:\/\/www.verdon-rosesetaromes.com\/index.php?rest_route=%2Fwp%2Fv2%2Fproduct_tag&post=455"}],"curies":[{"name":"wp","href":"https:\/\/api.w.org\/{rel}","templated":true}]}}