{"id":505,"date":"2024-01-31T22:57:47","date_gmt":"2024-01-31T21:57:47","guid":{"rendered":"https:\/\/www.verdon-rosesetaromes.com\/?post_type=product&#038;p=505"},"modified":"2026-04-28T10:35:06","modified_gmt":"2026-04-28T08:35:06","slug":"rose-exquise","status":"publish","type":"product","link":"https:\/\/www.verdon-rosesetaromes.com\/?product=rose-exquise","title":{"rendered":"Rose Exquise"},"content":{"rendered":"<p><strong>Rose Exquise est un soin global indiqu\u00e9 pour toutes les peaux qui souhaitent se prot\u00e9ger en conscience des agressions du temps.<\/strong><\/p>\n<p><strong>Exquise et subtile, elle est l&rsquo;amie de toutes les peaux fragiles, matures, qu&rsquo;elle harmonise, tonifie et prot\u00e8ge.<\/strong><\/p>\n<p><strong>Ingr\u00e9dients :<\/strong> mac\u00e9rations de roses**, huile d&rsquo;avocat*, de noyau d&rsquo;abricot*, de macadamia*, hydrolats de rose de Damas** et de rose Centifolia**, huile essentielle de rose de Damas**, \u00e9mulsifiants v\u00e9g\u00e9taux, conservateurs d&rsquo;origine naturelle.<\/p>\n<p>* : issus de l&rsquo;agriculture biologique.<br \/>\n** : produits \u00e0 la ferme et issus de l&rsquo;agriculture biologique.<\/p>\n<p><strong>Ingr\u00e9dients (INCI) :<\/strong> Rosa damascena flower water*, macadamia ternifolia seed oil*, rosa centifolia flower water*, prunus armeniaca kernel oil*, persea gratissima oil*\/rosa damascena flower extract*, C14-22 alcohols***, benzyl alcohol****, xanthan gum, C12-20 alkyl glucoside***, propolis, dehydroacetic acid****, rosa damascena flower oil*, citronellol**, g\u00e9raniol**.<\/p>\n<p>* : ingr\u00e9dients issus de l\u2019agriculture biologique \/ ingredients from organic farming.<br \/>\n** : composants naturels des huiles essentielles \/ natural components of essential oils.<br \/>\n***:\u00a0 \u00e9mulsifiants v\u00e9g\u00e9taux.<br \/>\n**** : agents conservateurs d&rsquo;origine naturelle.<\/p>\n","protected":false},"excerpt":{"rendered":"<h2><strong>30 ml<\/strong><\/h2>\n<p><strong>V\u00e9n\u00e9r\u00e9e depuis des mill\u00e9naires, la rose est l&#8217;embl\u00e8me de l&rsquo;amour, du c\u0153ur et de l&rsquo;\u00e9l\u00e9vation, du renouveau.<\/strong><\/p>\n<p><strong>La rose est reconnue comme ayant des vertus anti-\u00e2ge, tonifiantes et revitalisantes et s&rsquo;adresse \u00e0 toutes les peaux, m\u00eame les plus sensibles.<\/strong><\/p>\n<p><strong>La cr\u00e8me Fluide Rose exquise est un soin d&rsquo;exception compos\u00e9 d&rsquo;ingr\u00e9dients rares et pr\u00e9cieux, dont notre huile essentielle de rose de Damas au potentiel vibratoire tr\u00e8s \u00e9lev\u00e9.<\/strong><\/p>\n<p><strong>Produits naturels issus de l&rsquo;agriculture biologique<\/strong><\/p>\n<div>Exp\u00e9dition par la poste entre 2 et 4 jours.<\/div>\n<div>T\u00e9l\u00e9phone : 06 76 71 95 67<\/div>\n<div>Email : <a class=\"dropdown\" href=\"mailto:verdonrosesetaromes@hotmail.fr\">verdonrosesetaromes@hotmail.fr<\/a><\/div>\n<div>\n<p>Paiement s\u00e9curis\u00e9 par Carte Bancaire ou par ch\u00e8que.<\/p>\n<\/div>\n","protected":false},"featured_media":1030,"comment_status":"open","ping_status":"closed","template":"","meta":{"om_disable_all_campaigns":false,"ocean_post_layout":"","ocean_both_sidebars_style":"","ocean_both_sidebars_content_width":0,"ocean_both_sidebars_sidebars_width":0,"ocean_sidebar":"0","ocean_second_sidebar":"0","ocean_disable_margins":"enable","ocean_add_body_class":"","ocean_shortcode_before_top_bar":"","ocean_shortcode_after_top_bar":"","ocean_shortcode_before_header":"","ocean_shortcode_after_header":"","ocean_has_shortcode":"","ocean_shortcode_after_title":"","ocean_shortcode_before_footer_widgets":"","ocean_shortcode_after_footer_widgets":"","ocean_shortcode_before_footer_bottom":"","ocean_shortcode_after_footer_bottom":"","ocean_display_top_bar":"default","ocean_display_header":"default","ocean_header_style":"","ocean_center_header_left_menu":"0","ocean_custom_header_template":"0","ocean_custom_logo":0,"ocean_custom_retina_logo":0,"ocean_custom_logo_max_width":0,"ocean_custom_logo_tablet_max_width":0,"ocean_custom_logo_mobile_max_width":0,"ocean_custom_logo_max_height":0,"ocean_custom_logo_tablet_max_height":0,"ocean_custom_logo_mobile_max_height":0,"ocean_header_custom_menu":"0","ocean_menu_typo_font_family":"0","ocean_menu_typo_font_subset":"","ocean_menu_typo_font_size":0,"ocean_menu_typo_font_size_tablet":0,"ocean_menu_typo_font_size_mobile":0,"ocean_menu_typo_font_size_unit":"px","ocean_menu_typo_font_weight":"","ocean_menu_typo_font_weight_tablet":"","ocean_menu_typo_font_weight_mobile":"","ocean_menu_typo_transform":"","ocean_menu_typo_transform_tablet":"","ocean_menu_typo_transform_mobile":"","ocean_menu_typo_line_height":0,"ocean_menu_typo_line_height_tablet":0,"ocean_menu_typo_line_height_mobile":0,"ocean_menu_typo_line_height_unit":"","ocean_menu_typo_spacing":0,"ocean_menu_typo_spacing_tablet":0,"ocean_menu_typo_spacing_mobile":0,"ocean_menu_typo_spacing_unit":"","ocean_menu_link_color":"","ocean_menu_link_color_hover":"","ocean_menu_link_color_active":"","ocean_menu_link_background":"","ocean_menu_link_hover_background":"","ocean_menu_link_active_background":"","ocean_menu_social_links_bg":"","ocean_menu_social_hover_links_bg":"","ocean_menu_social_links_color":"","ocean_menu_social_hover_links_color":"","ocean_disable_title":"default","ocean_disable_heading":"default","ocean_post_title":"","ocean_post_subheading":"","ocean_post_title_style":"","ocean_post_title_background_color":"","ocean_post_title_background":0,"ocean_post_title_bg_image_position":"","ocean_post_title_bg_image_attachment":"","ocean_post_title_bg_image_repeat":"","ocean_post_title_bg_image_size":"","ocean_post_title_height":0,"ocean_post_title_bg_overlay":0.5,"ocean_post_title_bg_overlay_color":"","ocean_disable_breadcrumbs":"default","ocean_breadcrumbs_color":"","ocean_breadcrumbs_separator_color":"","ocean_breadcrumbs_links_color":"","ocean_breadcrumbs_links_hover_color":"","ocean_display_footer_widgets":"default","ocean_display_footer_bottom":"default","ocean_custom_footer_template":"0"},"product_brand":[],"product_cat":[52,201],"product_tag":[26,54,57,55,56,59,58],"class_list":{"0":"post-505","1":"product","2":"type-product","3":"status-publish","4":"has-post-thumbnail","6":"product_cat-cremes","7":"product_cat-gamme-rose","8":"product_tag-bio","9":"product_tag-fluide","10":"product_tag-harmonie","11":"product_tag-peaux-fragiles","12":"product_tag-peaux-matures","13":"product_tag-protege","14":"product_tag-tonifie","15":"product_shipping_class-tranche1","17":"entry","18":"has-media","20":"first","21":"instock","22":"taxable","23":"shipping-taxable","24":"purchasable","25":"product-type-simple","26":"col","27":"span_1_of_4","28":"owp-content-center","29":"owp-thumbs-layout-horizontal","30":"owp-btn-very-big","31":"owp-tabs-layout-horizontal","32":"has-no-thumbnails"},"_links":{"self":[{"href":"https:\/\/www.verdon-rosesetaromes.com\/index.php?rest_route=\/wp\/v2\/product\/505","targetHints":{"allow":["GET"]}}],"collection":[{"href":"https:\/\/www.verdon-rosesetaromes.com\/index.php?rest_route=\/wp\/v2\/product"}],"about":[{"href":"https:\/\/www.verdon-rosesetaromes.com\/index.php?rest_route=\/wp\/v2\/types\/product"}],"replies":[{"embeddable":true,"href":"https:\/\/www.verdon-rosesetaromes.com\/index.php?rest_route=%2Fwp%2Fv2%2Fcomments&post=505"}],"version-history":[{"count":2,"href":"https:\/\/www.verdon-rosesetaromes.com\/index.php?rest_route=\/wp\/v2\/product\/505\/revisions"}],"predecessor-version":[{"id":7290,"href":"https:\/\/www.verdon-rosesetaromes.com\/index.php?rest_route=\/wp\/v2\/product\/505\/revisions\/7290"}],"wp:featuredmedia":[{"embeddable":true,"href":"https:\/\/www.verdon-rosesetaromes.com\/index.php?rest_route=\/wp\/v2\/media\/1030"}],"wp:attachment":[{"href":"https:\/\/www.verdon-rosesetaromes.com\/index.php?rest_route=%2Fwp%2Fv2%2Fmedia&parent=505"}],"wp:term":[{"taxonomy":"product_brand","embeddable":true,"href":"https:\/\/www.verdon-rosesetaromes.com\/index.php?rest_route=%2Fwp%2Fv2%2Fproduct_brand&post=505"},{"taxonomy":"product_cat","embeddable":true,"href":"https:\/\/www.verdon-rosesetaromes.com\/index.php?rest_route=%2Fwp%2Fv2%2Fproduct_cat&post=505"},{"taxonomy":"product_tag","embeddable":true,"href":"https:\/\/www.verdon-rosesetaromes.com\/index.php?rest_route=%2Fwp%2Fv2%2Fproduct_tag&post=505"}],"curies":[{"name":"wp","href":"https:\/\/api.w.org\/{rel}","templated":true}]}}