{"id":5639,"date":"2024-05-21T19:28:34","date_gmt":"2024-05-21T17:28:34","guid":{"rendered":"https:\/\/www.verdon-rosesetaromes.com\/?post_type=product&#038;p=5639"},"modified":"2026-04-18T15:27:38","modified_gmt":"2026-04-18T13:27:38","slug":"harmoflor","status":"publish","type":"product","link":"https:\/\/www.verdon-rosesetaromes.com\/?product=harmoflor","title":{"rendered":"Harmo&rsquo;Flor"},"content":{"rendered":"<p><strong>HARMO&rsquo;FLOR s&rsquo;utilise sous forme de cure pouvant \u00eatre renouvel\u00e9e plusieurs fois en respectant de pr\u00e9f\u00e9rence une coupure de quelques jours entre chaque cycle. <\/strong><\/p>\n<p><strong>En cure de 21 jours \u00e0 raison de 10 gouttes matin et soir dans un peu d&rsquo;eau.<\/strong><\/p>\n<p><strong>Compl\u00e9ment alimentaire ne pouvant se substituer \u00e0 une alimentation vari\u00e9e et \u00e9quilibr\u00e9e.\u00a0<\/strong><\/p>\n<p><strong>Composition : rosa damascena**, rosa centifolia**, m\u00e9lisse officinale**, huile essentielle de rose**, alc. 15% vol*.<\/strong><\/p>\n<p><strong><br \/>\n<\/strong><strong>* : issu de l&rsquo;agriculture biologique.<br \/>\n<\/strong><strong>** : produits \u00e0 la ferme et issus de l&rsquo;agriculture biologique.<\/strong><\/p>\n","protected":false},"excerpt":{"rendered":"<p><strong>30 ml<\/strong><\/p>\n<p><strong>Flacon compte goutte<\/strong><\/p>\n<p><strong>HARMO&rsquo;FLOR est une synergie d&rsquo;hydrolats, de teinture m\u00e8re et d&rsquo;huile essentielle \u00e0 action r\u00e9\u00e9quilibrante et harmonisante pouvant s&rsquo;av\u00e9rer utile lors de p\u00e9riodes difficiles, de changements brusques, de d\u00e9chirures morales. P<\/strong><strong>articipe \u00e0 l&rsquo;\u00e9quilibre \u00e9motionnel, au recentrage et \u00e0 la beaut\u00e9 int\u00e9rieure. Action positive et harmonisante de la sph\u00e8re \u00e9motionnelle et nerveuse.<\/strong><\/p>\n<p><strong>Agriculture Biologique, SIMPLES<\/strong><\/p>\n<div>Exp\u00e9dition par la poste entre 2 et 4 jours.<\/div>\n<div>T\u00e9l\u00e9phone : 06 76 71 95 67<\/div>\n<div>Email : <a class=\"dropdown\" href=\"mailto:verdonrosesetaromes@hotmail.fr\">verdonrosesetaromes@hotmail.fr<\/a><\/div>\n<div>\n<p>Paiement s\u00e9curis\u00e9 par Carte Bancaire ou par ch\u00e8que.<\/p>\n<\/div>\n","protected":false},"featured_media":5618,"comment_status":"open","ping_status":"closed","template":"","meta":{"om_disable_all_campaigns":false,"ocean_post_layout":"","ocean_both_sidebars_style":"","ocean_both_sidebars_content_width":0,"ocean_both_sidebars_sidebars_width":0,"ocean_sidebar":"0","ocean_second_sidebar":"0","ocean_disable_margins":"enable","ocean_add_body_class":"","ocean_shortcode_before_top_bar":"","ocean_shortcode_after_top_bar":"","ocean_shortcode_before_header":"","ocean_shortcode_after_header":"","ocean_has_shortcode":"","ocean_shortcode_after_title":"","ocean_shortcode_before_footer_widgets":"","ocean_shortcode_after_footer_widgets":"","ocean_shortcode_before_footer_bottom":"","ocean_shortcode_after_footer_bottom":"","ocean_display_top_bar":"default","ocean_display_header":"default","ocean_header_style":"","ocean_center_header_left_menu":"0","ocean_custom_header_template":"0","ocean_custom_logo":0,"ocean_custom_retina_logo":0,"ocean_custom_logo_max_width":0,"ocean_custom_logo_tablet_max_width":0,"ocean_custom_logo_mobile_max_width":0,"ocean_custom_logo_max_height":0,"ocean_custom_logo_tablet_max_height":0,"ocean_custom_logo_mobile_max_height":0,"ocean_header_custom_menu":"0","ocean_menu_typo_font_family":"0","ocean_menu_typo_font_subset":"","ocean_menu_typo_font_size":0,"ocean_menu_typo_font_size_tablet":0,"ocean_menu_typo_font_size_mobile":0,"ocean_menu_typo_font_size_unit":"px","ocean_menu_typo_font_weight":"","ocean_menu_typo_font_weight_tablet":"","ocean_menu_typo_font_weight_mobile":"","ocean_menu_typo_transform":"","ocean_menu_typo_transform_tablet":"","ocean_menu_typo_transform_mobile":"","ocean_menu_typo_line_height":0,"ocean_menu_typo_line_height_tablet":0,"ocean_menu_typo_line_height_mobile":0,"ocean_menu_typo_line_height_unit":"","ocean_menu_typo_spacing":0,"ocean_menu_typo_spacing_tablet":0,"ocean_menu_typo_spacing_mobile":0,"ocean_menu_typo_spacing_unit":"","ocean_menu_link_color":"","ocean_menu_link_color_hover":"","ocean_menu_link_color_active":"","ocean_menu_link_background":"","ocean_menu_link_hover_background":"","ocean_menu_link_active_background":"","ocean_menu_social_links_bg":"","ocean_menu_social_hover_links_bg":"","ocean_menu_social_links_color":"","ocean_menu_social_hover_links_color":"","ocean_disable_title":"default","ocean_disable_heading":"default","ocean_post_title":"","ocean_post_subheading":"","ocean_post_title_style":"","ocean_post_title_background_color":"","ocean_post_title_background":0,"ocean_post_title_bg_image_position":"","ocean_post_title_bg_image_attachment":"","ocean_post_title_bg_image_repeat":"","ocean_post_title_bg_image_size":"","ocean_post_title_height":0,"ocean_post_title_bg_overlay":0.5,"ocean_post_title_bg_overlay_color":"","ocean_disable_breadcrumbs":"default","ocean_breadcrumbs_color":"","ocean_breadcrumbs_separator_color":"","ocean_breadcrumbs_links_color":"","ocean_breadcrumbs_links_hover_color":"","ocean_display_footer_widgets":"default","ocean_display_footer_bottom":"default","ocean_custom_footer_template":"0"},"product_brand":[],"product_cat":[201,178],"product_tag":[270,269,268,273,246,267,272,271],"class_list":{"0":"post-5639","1":"product","2":"type-product","3":"status-publish","4":"has-post-thumbnail","6":"product_cat-gamme-rose","7":"product_cat-les-hydrolats-phytflor","8":"product_tag-beaute-interieure","9":"product_tag-equilibre-emotionnel","10":"product_tag-harmonisante","11":"product_tag-huile-essentielle-de-rose","12":"product_tag-melisse-officinale","13":"product_tag-reequilibrante","14":"product_tag-rosa-centifolia","15":"product_tag-rosa-damascena","16":"product_shipping_class-tranche1","18":"entry","19":"has-media","21":"first","22":"instock","23":"taxable","24":"shipping-taxable","25":"purchasable","26":"product-type-simple","27":"col","28":"span_1_of_4","29":"owp-content-center","30":"owp-thumbs-layout-horizontal","31":"owp-btn-very-big","32":"owp-tabs-layout-horizontal","33":"has-no-thumbnails"},"_links":{"self":[{"href":"https:\/\/www.verdon-rosesetaromes.com\/index.php?rest_route=\/wp\/v2\/product\/5639","targetHints":{"allow":["GET"]}}],"collection":[{"href":"https:\/\/www.verdon-rosesetaromes.com\/index.php?rest_route=\/wp\/v2\/product"}],"about":[{"href":"https:\/\/www.verdon-rosesetaromes.com\/index.php?rest_route=\/wp\/v2\/types\/product"}],"replies":[{"embeddable":true,"href":"https:\/\/www.verdon-rosesetaromes.com\/index.php?rest_route=%2Fwp%2Fv2%2Fcomments&post=5639"}],"version-history":[{"count":0,"href":"https:\/\/www.verdon-rosesetaromes.com\/index.php?rest_route=\/wp\/v2\/product\/5639\/revisions"}],"wp:featuredmedia":[{"embeddable":true,"href":"https:\/\/www.verdon-rosesetaromes.com\/index.php?rest_route=\/wp\/v2\/media\/5618"}],"wp:attachment":[{"href":"https:\/\/www.verdon-rosesetaromes.com\/index.php?rest_route=%2Fwp%2Fv2%2Fmedia&parent=5639"}],"wp:term":[{"taxonomy":"product_brand","embeddable":true,"href":"https:\/\/www.verdon-rosesetaromes.com\/index.php?rest_route=%2Fwp%2Fv2%2Fproduct_brand&post=5639"},{"taxonomy":"product_cat","embeddable":true,"href":"https:\/\/www.verdon-rosesetaromes.com\/index.php?rest_route=%2Fwp%2Fv2%2Fproduct_cat&post=5639"},{"taxonomy":"product_tag","embeddable":true,"href":"https:\/\/www.verdon-rosesetaromes.com\/index.php?rest_route=%2Fwp%2Fv2%2Fproduct_tag&post=5639"}],"curies":[{"name":"wp","href":"https:\/\/api.w.org\/{rel}","templated":true}]}}