{"id":586,"date":"2024-02-01T18:28:38","date_gmt":"2024-02-01T17:28:38","guid":{"rendered":"https:\/\/www.verdon-rosesetaromes.com\/?post_type=product&#038;p=586"},"modified":"2026-04-20T11:01:56","modified_gmt":"2026-04-20T09:01:56","slug":"hydrolat-de-rose-centifolia","status":"publish","type":"product","link":"https:\/\/www.verdon-rosesetaromes.com\/?product=hydrolat-de-rose-centifolia","title":{"rendered":"Rose Centifolia"},"content":{"rendered":"<p><strong>L&rsquo;hydrolat de roses Centifolia r\u00e9sonne avec la sph\u00e8re \u00e9motionnelle et nerveuse, l&rsquo;\u00e9monctoire peau et la sph\u00e8re respiratoire.<\/strong><\/p>\n<p><strong>Il est r\u00e9put\u00e9, de par son astringence, pour aider \u00e0 se d\u00e9barrasser des toux rebelles et \u00e9galement pour favoriser le sentiment d&rsquo;harmonie et de paix int\u00e9rieure.<\/strong><\/p>\n<p><strong>Habituellement, une cuill\u00e8re \u00e0 soupe dilu\u00e9e dans un litre d&rsquo;eau \u00e0 boire tout au long de la journ\u00e9e pendant 21 jours, \u00e0 renouveler si le besoin s\u2019en fait sentir apr\u00e8s un arr\u00eat de 10 jours.<\/strong><\/p>\n<p><strong>Hydrolat de roses Centifolia, sans conservateur, pur et concentr\u00e9.<\/strong><\/p>\n<p><strong>Conditionn\u00e9 en flacon PET pour le transport.<\/strong><\/p>\n","protected":false},"excerpt":{"rendered":"<h2><strong>200 ml &#8211; 500 ml &#8211; 1 litre<\/strong><\/h2>\n<p><strong>Hydrolat bio de roses Centifolia, la rose de Mai.<\/strong><\/p>\n<p><strong>Tonifiant, raffermissant, astringent, il est l&rsquo;alli\u00e9 de toutes les peaux qui veulent combattre les signes du temps.<\/strong><\/p>\n<p><strong>La rose Centifolia est la Rolls des roses pour les parfumeurs : vous retrouverez dans notre hydrolat ce bouquet d\u00e9licat, v\u00e9ritable ode \u00e0 la beaut\u00e9 de la peau et de l&rsquo;\u00e2me.<\/strong><\/p>\n<p><strong>Nos roses sont cueillies \u00e0 la main au petit matin et distill\u00e9es imm\u00e9diatement dans notre alambic : r\u00e9sultat, un magnifique hydrolat, riche en principes actifs et subtilement parfum\u00e9.<\/strong><\/p>\n<div>\n<p class=\"block-title\"><strong>Produit bio, 100% naturel<\/strong><\/p>\n<\/div>\n<p><strong>Agriculture Biologique, SIMPLES<\/strong><\/p>\n<div>Exp\u00e9dition par la poste entre 2 et 4 jours.<\/div>\n<div>T\u00e9l\u00e9phone : 06 76 71 95 67<\/div>\n<div>Email : <a class=\"dropdown\" href=\"mailto:verdonrosesetaromes@hotmail.fr\">verdonrosesetaromes@hotmail.fr<\/a><\/div>\n<div>\n<p>Paiement s\u00e9curis\u00e9 par Carte Bancaire ou par ch\u00e8que.<\/p>\n<\/div>\n","protected":false},"featured_media":928,"comment_status":"open","ping_status":"closed","template":"","meta":{"om_disable_all_campaigns":false,"ocean_post_layout":"","ocean_both_sidebars_style":"","ocean_both_sidebars_content_width":0,"ocean_both_sidebars_sidebars_width":0,"ocean_sidebar":"0","ocean_second_sidebar":"0","ocean_disable_margins":"enable","ocean_add_body_class":"","ocean_shortcode_before_top_bar":"","ocean_shortcode_after_top_bar":"","ocean_shortcode_before_header":"","ocean_shortcode_after_header":"","ocean_has_shortcode":"","ocean_shortcode_after_title":"","ocean_shortcode_before_footer_widgets":"","ocean_shortcode_after_footer_widgets":"","ocean_shortcode_before_footer_bottom":"","ocean_shortcode_after_footer_bottom":"","ocean_display_top_bar":"default","ocean_display_header":"default","ocean_header_style":"","ocean_center_header_left_menu":"0","ocean_custom_header_template":"0","ocean_custom_logo":0,"ocean_custom_retina_logo":0,"ocean_custom_logo_max_width":0,"ocean_custom_logo_tablet_max_width":0,"ocean_custom_logo_mobile_max_width":0,"ocean_custom_logo_max_height":0,"ocean_custom_logo_tablet_max_height":0,"ocean_custom_logo_mobile_max_height":0,"ocean_header_custom_menu":"0","ocean_menu_typo_font_family":"0","ocean_menu_typo_font_subset":"","ocean_menu_typo_font_size":0,"ocean_menu_typo_font_size_tablet":0,"ocean_menu_typo_font_size_mobile":0,"ocean_menu_typo_font_size_unit":"px","ocean_menu_typo_font_weight":"","ocean_menu_typo_font_weight_tablet":"","ocean_menu_typo_font_weight_mobile":"","ocean_menu_typo_transform":"","ocean_menu_typo_transform_tablet":"","ocean_menu_typo_transform_mobile":"","ocean_menu_typo_line_height":0,"ocean_menu_typo_line_height_tablet":0,"ocean_menu_typo_line_height_mobile":0,"ocean_menu_typo_line_height_unit":"","ocean_menu_typo_spacing":0,"ocean_menu_typo_spacing_tablet":0,"ocean_menu_typo_spacing_mobile":0,"ocean_menu_typo_spacing_unit":"","ocean_menu_link_color":"","ocean_menu_link_color_hover":"","ocean_menu_link_color_active":"","ocean_menu_link_background":"","ocean_menu_link_hover_background":"","ocean_menu_link_active_background":"","ocean_menu_social_links_bg":"","ocean_menu_social_hover_links_bg":"","ocean_menu_social_links_color":"","ocean_menu_social_hover_links_color":"","ocean_disable_title":"default","ocean_disable_heading":"default","ocean_post_title":"","ocean_post_subheading":"","ocean_post_title_style":"","ocean_post_title_background_color":"","ocean_post_title_background":0,"ocean_post_title_bg_image_position":"","ocean_post_title_bg_image_attachment":"","ocean_post_title_bg_image_repeat":"","ocean_post_title_bg_image_size":"","ocean_post_title_height":0,"ocean_post_title_bg_overlay":0.5,"ocean_post_title_bg_overlay_color":"","ocean_disable_breadcrumbs":"default","ocean_breadcrumbs_color":"","ocean_breadcrumbs_separator_color":"","ocean_breadcrumbs_links_color":"","ocean_breadcrumbs_links_hover_color":"","ocean_display_footer_widgets":"default","ocean_display_footer_bottom":"default","ocean_custom_footer_template":"0"},"product_brand":[],"product_cat":[201,74],"product_tag":[115,111,112,114,113],"class_list":{"0":"post-586","1":"product","2":"type-product","3":"status-publish","4":"has-post-thumbnail","6":"product_cat-gamme-rose","7":"product_cat-hydrolats","8":"product_tag-astringent","9":"product_tag-hydrolat-bio-de-roses-centifolia","10":"product_tag-la-rose-de-mai","11":"product_tag-raffermissant","12":"product_tag-tonifiant","14":"entry","15":"has-media","17":"first","18":"outofstock","19":"taxable","20":"shipping-taxable","21":"purchasable","22":"product-type-variable","23":"col","24":"span_1_of_4","25":"owp-content-center","26":"owp-thumbs-layout-horizontal","27":"owp-btn-very-big","28":"owp-tabs-layout-horizontal","29":"has-no-thumbnails"},"_links":{"self":[{"href":"https:\/\/www.verdon-rosesetaromes.com\/index.php?rest_route=\/wp\/v2\/product\/586","targetHints":{"allow":["GET"]}}],"collection":[{"href":"https:\/\/www.verdon-rosesetaromes.com\/index.php?rest_route=\/wp\/v2\/product"}],"about":[{"href":"https:\/\/www.verdon-rosesetaromes.com\/index.php?rest_route=\/wp\/v2\/types\/product"}],"replies":[{"embeddable":true,"href":"https:\/\/www.verdon-rosesetaromes.com\/index.php?rest_route=%2Fwp%2Fv2%2Fcomments&post=586"}],"version-history":[{"count":3,"href":"https:\/\/www.verdon-rosesetaromes.com\/index.php?rest_route=\/wp\/v2\/product\/586\/revisions"}],"predecessor-version":[{"id":7437,"href":"https:\/\/www.verdon-rosesetaromes.com\/index.php?rest_route=\/wp\/v2\/product\/586\/revisions\/7437"}],"wp:featuredmedia":[{"embeddable":true,"href":"https:\/\/www.verdon-rosesetaromes.com\/index.php?rest_route=\/wp\/v2\/media\/928"}],"wp:attachment":[{"href":"https:\/\/www.verdon-rosesetaromes.com\/index.php?rest_route=%2Fwp%2Fv2%2Fmedia&parent=586"}],"wp:term":[{"taxonomy":"product_brand","embeddable":true,"href":"https:\/\/www.verdon-rosesetaromes.com\/index.php?rest_route=%2Fwp%2Fv2%2Fproduct_brand&post=586"},{"taxonomy":"product_cat","embeddable":true,"href":"https:\/\/www.verdon-rosesetaromes.com\/index.php?rest_route=%2Fwp%2Fv2%2Fproduct_cat&post=586"},{"taxonomy":"product_tag","embeddable":true,"href":"https:\/\/www.verdon-rosesetaromes.com\/index.php?rest_route=%2Fwp%2Fv2%2Fproduct_tag&post=586"}],"curies":[{"name":"wp","href":"https:\/\/api.w.org\/{rel}","templated":true}]}}