{"id":598,"date":"2024-02-01T23:43:04","date_gmt":"2024-02-01T22:43:04","guid":{"rendered":"https:\/\/www.verdon-rosesetaromes.com\/?post_type=product&#038;p=598"},"modified":"2026-04-23T18:27:29","modified_gmt":"2026-04-23T16:27:29","slug":"hydrolat-de-lavande-officinale-sauvage","status":"publish","type":"product","link":"https:\/\/www.verdon-rosesetaromes.com\/?product=hydrolat-de-lavande-officinale-sauvage","title":{"rendered":"Lavande Officinale Sauvage"},"content":{"rendered":"<p><strong>L&rsquo;hydrolat de lavande officinale est apaisant, purifiant : il r\u00e9sonne avec la sph\u00e8re \u00e9motionnelle et nerveuse, l&rsquo;\u00e9monctoire peau.<\/strong><\/p>\n<p><strong>Habituellement 1 cuill\u00e8re \u00e0 soupe\/jour pendant 21 jours, \u00e0 renouveler si le besoin s\u2019en fait sentir apr\u00e8s un arr\u00eat de 10 jours.<\/strong><\/p>\n<p><strong>Hydrolat de lavande officinale sauvage, sans conservateur, pur et concentr\u00e9.<br \/>\n<\/strong><\/p>\n<p><strong>Conditionn\u00e9 en flacon PET pour le transport.<\/strong><\/p>\n<p>&nbsp;<\/p>\n","protected":false},"excerpt":{"rendered":"<h2><strong>200 ml &#8211; 500 ml &#8211; 1 litre<\/strong><\/h2>\n<p><strong>L&rsquo;hydrolat de lavande officinale est r\u00e9gulateur, il rafra\u00eechit et apaise les peaux et les temp\u00e9raments volcaniques.<br \/>\n<\/strong><strong>Notre hydrolat de lavande officinale sauvage est l&rsquo;expression de son terroir : subtil, fleuri, \u00e9th\u00e9rique.<\/strong><\/p>\n<p><strong>Malgr\u00e9 l&rsquo;effort et la rudesse du travail, la cueillette de cette fleur merveilleuse est un moment intense et privil\u00e9gi\u00e9 : nous aimons retrouver \u00e0 travers les gestes ancestraux du cueilleur ce lien invisible tiss\u00e9 entre chaque \u00eatre, chaque plante, chaque chose.<\/strong><\/p>\n<p><strong>Produit bio, 100% naturel<br \/>\nAgriculture Biologique, SIMPLES<\/strong><\/p>\n<div>Exp\u00e9dition par la poste entre 2 et 4 jours.<\/div>\n<div>T\u00e9l\u00e9phone : 06 76 71 95 67<\/div>\n<div>Email : <a class=\"dropdown\" href=\"mailto:verdonrosesetaromes@hotmail.fr\">verdonrosesetaromes@hotmail.fr<\/a><\/div>\n<div>\n<p>Paiement s\u00e9curis\u00e9 par Carte Bancaire ou par ch\u00e8que.<\/p>\n<\/div>\n","protected":false},"featured_media":6447,"comment_status":"open","ping_status":"closed","template":"","meta":{"om_disable_all_campaigns":false,"ocean_post_layout":"","ocean_both_sidebars_style":"","ocean_both_sidebars_content_width":0,"ocean_both_sidebars_sidebars_width":0,"ocean_sidebar":"0","ocean_second_sidebar":"0","ocean_disable_margins":"enable","ocean_add_body_class":"","ocean_shortcode_before_top_bar":"","ocean_shortcode_after_top_bar":"","ocean_shortcode_before_header":"","ocean_shortcode_after_header":"","ocean_has_shortcode":"","ocean_shortcode_after_title":"","ocean_shortcode_before_footer_widgets":"","ocean_shortcode_after_footer_widgets":"","ocean_shortcode_before_footer_bottom":"","ocean_shortcode_after_footer_bottom":"","ocean_display_top_bar":"default","ocean_display_header":"default","ocean_header_style":"","ocean_center_header_left_menu":"0","ocean_custom_header_template":"0","ocean_custom_logo":0,"ocean_custom_retina_logo":0,"ocean_custom_logo_max_width":0,"ocean_custom_logo_tablet_max_width":0,"ocean_custom_logo_mobile_max_width":0,"ocean_custom_logo_max_height":0,"ocean_custom_logo_tablet_max_height":0,"ocean_custom_logo_mobile_max_height":0,"ocean_header_custom_menu":"0","ocean_menu_typo_font_family":"0","ocean_menu_typo_font_subset":"","ocean_menu_typo_font_size":0,"ocean_menu_typo_font_size_tablet":0,"ocean_menu_typo_font_size_mobile":0,"ocean_menu_typo_font_size_unit":"px","ocean_menu_typo_font_weight":"","ocean_menu_typo_font_weight_tablet":"","ocean_menu_typo_font_weight_mobile":"","ocean_menu_typo_transform":"","ocean_menu_typo_transform_tablet":"","ocean_menu_typo_transform_mobile":"","ocean_menu_typo_line_height":0,"ocean_menu_typo_line_height_tablet":0,"ocean_menu_typo_line_height_mobile":0,"ocean_menu_typo_line_height_unit":"","ocean_menu_typo_spacing":0,"ocean_menu_typo_spacing_tablet":0,"ocean_menu_typo_spacing_mobile":0,"ocean_menu_typo_spacing_unit":"","ocean_menu_link_color":"","ocean_menu_link_color_hover":"","ocean_menu_link_color_active":"","ocean_menu_link_background":"","ocean_menu_link_hover_background":"","ocean_menu_link_active_background":"","ocean_menu_social_links_bg":"","ocean_menu_social_hover_links_bg":"","ocean_menu_social_links_color":"","ocean_menu_social_hover_links_color":"","ocean_disable_title":"default","ocean_disable_heading":"default","ocean_post_title":"","ocean_post_subheading":"","ocean_post_title_style":"","ocean_post_title_background_color":"","ocean_post_title_background":0,"ocean_post_title_bg_image_position":"","ocean_post_title_bg_image_attachment":"","ocean_post_title_bg_image_repeat":"","ocean_post_title_bg_image_size":"","ocean_post_title_height":0,"ocean_post_title_bg_overlay":0.5,"ocean_post_title_bg_overlay_color":"","ocean_disable_breadcrumbs":"default","ocean_breadcrumbs_color":"","ocean_breadcrumbs_separator_color":"","ocean_breadcrumbs_links_color":"","ocean_breadcrumbs_links_hover_color":"","ocean_display_footer_widgets":"default","ocean_display_footer_bottom":"default","ocean_custom_footer_template":"0"},"product_brand":[],"product_cat":[74],"product_tag":[127,26,116,125,126,69],"class_list":{"0":"post-598","1":"product","2":"type-product","3":"status-publish","4":"has-post-thumbnail","6":"product_cat-hydrolats","7":"product_tag-apaise","8":"product_tag-bio","9":"product_tag-hydrolat","10":"product_tag-lavande-officinale","11":"product_tag-rafraichit","12":"product_tag-regulateur","14":"entry","15":"has-media","17":"first","18":"instock","19":"taxable","20":"shipping-taxable","21":"purchasable","22":"product-type-variable","23":"col","24":"span_1_of_4","25":"owp-content-center","26":"owp-thumbs-layout-horizontal","27":"owp-btn-very-big","28":"owp-tabs-layout-horizontal","29":"has-no-thumbnails"},"_links":{"self":[{"href":"https:\/\/www.verdon-rosesetaromes.com\/index.php?rest_route=\/wp\/v2\/product\/598","targetHints":{"allow":["GET"]}}],"collection":[{"href":"https:\/\/www.verdon-rosesetaromes.com\/index.php?rest_route=\/wp\/v2\/product"}],"about":[{"href":"https:\/\/www.verdon-rosesetaromes.com\/index.php?rest_route=\/wp\/v2\/types\/product"}],"replies":[{"embeddable":true,"href":"https:\/\/www.verdon-rosesetaromes.com\/index.php?rest_route=%2Fwp%2Fv2%2Fcomments&post=598"}],"version-history":[{"count":3,"href":"https:\/\/www.verdon-rosesetaromes.com\/index.php?rest_route=\/wp\/v2\/product\/598\/revisions"}],"predecessor-version":[{"id":7980,"href":"https:\/\/www.verdon-rosesetaromes.com\/index.php?rest_route=\/wp\/v2\/product\/598\/revisions\/7980"}],"wp:featuredmedia":[{"embeddable":true,"href":"https:\/\/www.verdon-rosesetaromes.com\/index.php?rest_route=\/wp\/v2\/media\/6447"}],"wp:attachment":[{"href":"https:\/\/www.verdon-rosesetaromes.com\/index.php?rest_route=%2Fwp%2Fv2%2Fmedia&parent=598"}],"wp:term":[{"taxonomy":"product_brand","embeddable":true,"href":"https:\/\/www.verdon-rosesetaromes.com\/index.php?rest_route=%2Fwp%2Fv2%2Fproduct_brand&post=598"},{"taxonomy":"product_cat","embeddable":true,"href":"https:\/\/www.verdon-rosesetaromes.com\/index.php?rest_route=%2Fwp%2Fv2%2Fproduct_cat&post=598"},{"taxonomy":"product_tag","embeddable":true,"href":"https:\/\/www.verdon-rosesetaromes.com\/index.php?rest_route=%2Fwp%2Fv2%2Fproduct_tag&post=598"}],"curies":[{"name":"wp","href":"https:\/\/api.w.org\/{rel}","templated":true}]}}