{"id":6240,"date":"2025-01-13T17:20:18","date_gmt":"2025-01-13T16:20:18","guid":{"rendered":"https:\/\/www.verdon-rosesetaromes.com\/?post_type=product&#038;p=6240"},"modified":"2026-04-11T19:58:07","modified_gmt":"2026-04-11T17:58:07","slug":"savon-a-la-mauve","status":"publish","type":"product","link":"https:\/\/www.verdon-rosesetaromes.com\/?product=savon-a-la-mauve","title":{"rendered":"Savon \u00e0 la Mauve"},"content":{"rendered":"<p><strong>Savon \u00e0 la mauve, pour hydrater et apaiser votre peau.<\/strong><\/p>\n<p><u><\/u><strong><u>Ingr\u00e9dients <\/u>: <\/strong>huile de coco*, hydrolat de m\u00e9lisse**, hydrolat de calendula officinal**, glyc\u00e9rine (r\u00e9action naturelle lors de la saponification), huile d&rsquo;olive*, huile d&rsquo;avocat*, beurre de karit\u00e9***, huile de macadamia*, huile essentielle de palmarosa*, extrait de racine d&rsquo;orcanette**, extrait de fleurs de mauve**, huile essentielle de carotte**<\/p>\n<p>*: issus de l&rsquo;agriculture biologique<\/p>\n<p>**: issus de l&rsquo;agriculture biologique et produits \u00e0 la ferme<\/p>\n<p>***: produit par l&rsquo;association des femmes du village de Kangala : Kan K\u00ea Le Fo, au Burkina Faso.<\/p>\n<p><strong><u>Ingr\u00e9dients (INCI) : <\/u><\/strong>sodium cocoate*, melissa officinalis leaf water*, calendula officinalis flower water*, glycerin***, sodium olivate*, sodium avocadoate*, sodium shea butterate****, sodium macadamiaseedate*, cymbopogon martini oil*, alkanna tinctoria root extract*, malva sylvestris flower extract*, daucus carota fruit oil*, citral**, farnesol**, citronellol**, g\u00e9raniol**, limon\u00e8ne**, linalol**<\/p>\n<p>* : issus de l\u2019agriculture biologique \/ from organic farming<\/p>\n<p>** : naturellement pr\u00e9sents dans les huiles essentielles \/ natural components of essential oils<\/p>\n<p>*** : issu de la saponification \/ from saponification<\/p>\n<p align=\"left\">****\u00a0: produit par l\u2019association des femmes du village de Kangala, Kan K\u00ea Le Fo, Burkina Faso.<\/p>\n","protected":false},"excerpt":{"rendered":"<p><strong>Un savon au parfum subtil et d\u00e9licat, tr\u00e8s doux pour la peau.\u00a0 <\/strong><\/p>\n<p><strong>Sans colorant, sans conservateur, riche en glyc\u00e9rine naturelle<\/strong><\/p>\n<p><strong>Saponifi\u00e9 \u00e0 froid, fait main<\/strong><\/p>\n<p><strong>Pain de 100 g en moyenne<\/strong><\/p>\n<p><strong>Produits naturels issus de l&rsquo;agriculture biologique<\/strong><\/p>\n<div>Exp\u00e9dition par la poste entre 2 et 4 jours.<\/div>\n<div>T\u00e9l\u00e9phone : 06 76 71 95 67<\/div>\n<div>Email : <a class=\"dropdown\" href=\"mailto:verdonrosesetaromes@hotmail.fr\">verdonrosesetaromes@hotmail.fr<\/a><\/div>\n<div>\n<p>Paiement s\u00e9curis\u00e9 par Carte Bancaire ou par ch\u00e8que.<\/p>\n<\/div>\n","protected":false},"featured_media":2014,"comment_status":"open","ping_status":"closed","template":"","meta":{"om_disable_all_campaigns":false,"ocean_post_layout":"","ocean_both_sidebars_style":"","ocean_both_sidebars_content_width":0,"ocean_both_sidebars_sidebars_width":0,"ocean_sidebar":"0","ocean_second_sidebar":"0","ocean_disable_margins":"enable","ocean_add_body_class":"","ocean_shortcode_before_top_bar":"","ocean_shortcode_after_top_bar":"","ocean_shortcode_before_header":"","ocean_shortcode_after_header":"","ocean_has_shortcode":"","ocean_shortcode_after_title":"","ocean_shortcode_before_footer_widgets":"","ocean_shortcode_after_footer_widgets":"","ocean_shortcode_before_footer_bottom":"","ocean_shortcode_after_footer_bottom":"","ocean_display_top_bar":"default","ocean_display_header":"default","ocean_header_style":"","ocean_center_header_left_menu":"0","ocean_custom_header_template":"0","ocean_custom_logo":0,"ocean_custom_retina_logo":0,"ocean_custom_logo_max_width":0,"ocean_custom_logo_tablet_max_width":0,"ocean_custom_logo_mobile_max_width":0,"ocean_custom_logo_max_height":0,"ocean_custom_logo_tablet_max_height":0,"ocean_custom_logo_mobile_max_height":0,"ocean_header_custom_menu":"0","ocean_menu_typo_font_family":"0","ocean_menu_typo_font_subset":"","ocean_menu_typo_font_size":0,"ocean_menu_typo_font_size_tablet":0,"ocean_menu_typo_font_size_mobile":0,"ocean_menu_typo_font_size_unit":"px","ocean_menu_typo_font_weight":"","ocean_menu_typo_font_weight_tablet":"","ocean_menu_typo_font_weight_mobile":"","ocean_menu_typo_transform":"","ocean_menu_typo_transform_tablet":"","ocean_menu_typo_transform_mobile":"","ocean_menu_typo_line_height":0,"ocean_menu_typo_line_height_tablet":0,"ocean_menu_typo_line_height_mobile":0,"ocean_menu_typo_line_height_unit":"","ocean_menu_typo_spacing":0,"ocean_menu_typo_spacing_tablet":0,"ocean_menu_typo_spacing_mobile":0,"ocean_menu_typo_spacing_unit":"","ocean_menu_link_color":"","ocean_menu_link_color_hover":"","ocean_menu_link_color_active":"","ocean_menu_link_background":"","ocean_menu_link_hover_background":"","ocean_menu_link_active_background":"","ocean_menu_social_links_bg":"","ocean_menu_social_hover_links_bg":"","ocean_menu_social_links_color":"","ocean_menu_social_hover_links_color":"","ocean_disable_title":"default","ocean_disable_heading":"default","ocean_post_title":"","ocean_post_subheading":"","ocean_post_title_style":"","ocean_post_title_background_color":"","ocean_post_title_background":0,"ocean_post_title_bg_image_position":"","ocean_post_title_bg_image_attachment":"","ocean_post_title_bg_image_repeat":"","ocean_post_title_bg_image_size":"","ocean_post_title_height":0,"ocean_post_title_bg_overlay":0.5,"ocean_post_title_bg_overlay_color":"","ocean_disable_breadcrumbs":"default","ocean_breadcrumbs_color":"","ocean_breadcrumbs_separator_color":"","ocean_breadcrumbs_links_color":"","ocean_breadcrumbs_links_hover_color":"","ocean_display_footer_widgets":"default","ocean_display_footer_bottom":"default","ocean_custom_footer_template":"0"},"product_brand":[],"product_cat":[76],"product_tag":[],"class_list":{"0":"post-6240","1":"product","2":"type-product","3":"status-publish","4":"has-post-thumbnail","6":"product_cat-savons","7":"product_shipping_class-tranche1","9":"entry","10":"has-media","12":"first","13":"instock","14":"taxable","15":"shipping-taxable","16":"purchasable","17":"product-type-simple","18":"col","19":"span_1_of_4","20":"owp-content-center","21":"owp-thumbs-layout-horizontal","22":"owp-btn-very-big","23":"owp-tabs-layout-horizontal","24":"has-no-thumbnails"},"_links":{"self":[{"href":"https:\/\/www.verdon-rosesetaromes.com\/index.php?rest_route=\/wp\/v2\/product\/6240","targetHints":{"allow":["GET"]}}],"collection":[{"href":"https:\/\/www.verdon-rosesetaromes.com\/index.php?rest_route=\/wp\/v2\/product"}],"about":[{"href":"https:\/\/www.verdon-rosesetaromes.com\/index.php?rest_route=\/wp\/v2\/types\/product"}],"replies":[{"embeddable":true,"href":"https:\/\/www.verdon-rosesetaromes.com\/index.php?rest_route=%2Fwp%2Fv2%2Fcomments&post=6240"}],"version-history":[{"count":1,"href":"https:\/\/www.verdon-rosesetaromes.com\/index.php?rest_route=\/wp\/v2\/product\/6240\/revisions"}],"predecessor-version":[{"id":7205,"href":"https:\/\/www.verdon-rosesetaromes.com\/index.php?rest_route=\/wp\/v2\/product\/6240\/revisions\/7205"}],"wp:featuredmedia":[{"embeddable":true,"href":"https:\/\/www.verdon-rosesetaromes.com\/index.php?rest_route=\/wp\/v2\/media\/2014"}],"wp:attachment":[{"href":"https:\/\/www.verdon-rosesetaromes.com\/index.php?rest_route=%2Fwp%2Fv2%2Fmedia&parent=6240"}],"wp:term":[{"taxonomy":"product_brand","embeddable":true,"href":"https:\/\/www.verdon-rosesetaromes.com\/index.php?rest_route=%2Fwp%2Fv2%2Fproduct_brand&post=6240"},{"taxonomy":"product_cat","embeddable":true,"href":"https:\/\/www.verdon-rosesetaromes.com\/index.php?rest_route=%2Fwp%2Fv2%2Fproduct_cat&post=6240"},{"taxonomy":"product_tag","embeddable":true,"href":"https:\/\/www.verdon-rosesetaromes.com\/index.php?rest_route=%2Fwp%2Fv2%2Fproduct_tag&post=6240"}],"curies":[{"name":"wp","href":"https:\/\/api.w.org\/{rel}","templated":true}]}}