{"id":8079,"date":"2026-05-01T10:19:22","date_gmt":"2026-05-01T08:19:22","guid":{"rendered":"https:\/\/www.verdon-rosesetaromes.com\/?post_type=product&#038;p=8079"},"modified":"2026-05-01T10:19:22","modified_gmt":"2026-05-01T08:19:22","slug":"fumeterre-date-courte","status":"publish","type":"product","link":"https:\/\/www.verdon-rosesetaromes.com\/?product=fumeterre-date-courte","title":{"rendered":"Fumeterre &#8211; Date courte"},"content":{"rendered":"<p><strong>L&rsquo;alcoolature de fumeterre s&rsquo;utilise sous forme de cure courte (8\/10 jours). <\/strong><\/p>\n<p><strong>CONTRE INDICATIONS :<br \/>\n<\/strong><\/p>\n<p><strong>&#8211; Interdit aux femmes enceintes et allaitantes.<\/strong><\/p>\n<p><strong>&#8211; Peut avoir des interactions m\u00e9dicamenteuses, demander imp\u00e9rativement l&rsquo;avis d&rsquo;un m\u00e9decin.<\/strong><\/p>\n<p><strong>&#8211; Ne pas utiliser en cas d&rsquo;obstruction des voies biliaires, l\u00e0 aussi, demander conseil \u00e0 votre m\u00e9decin.<\/strong><\/p>\n<p><strong>Compl\u00e9ment alimentaire ne pouvant se substituer \u00e0 une alimentation vari\u00e9e et \u00e9quilibr\u00e9e. <\/strong><\/p>\n<p><strong>Ne pas d\u00e9passer la DJR.<\/strong><\/p>\n<p><strong>Composition : fumeterre parties a\u00e9riennes**, alcool*, eau de source (alc : 50% vol.)<\/strong><\/p>\n<p><strong>* : issu de l\u2019agriculture biologique<\/strong><\/p>\n<p><strong>** : produit \u00e0 la ferme et issu de l\u2019agriculture biologique<\/strong><\/p>\n","protected":false},"excerpt":{"rendered":"<p><strong>DDM : 6\/26<\/strong><\/p>\n<p><strong>50 ml<\/strong><\/p>\n<p><strong>Flacon compte goutte.<\/strong><\/p>\n<p><strong>L\u2019alcoolature de fumeterre favorise le fonctionnement de la v\u00e9sicule biliaire. Elle aide les personnes ayant du mal \u00e0 dig\u00e9rer et qui peuvent ressentir une certaine lourdeur apr\u00e8s les repas.<\/strong><\/p>\n<p><strong>Solution buvable de plantes m\u00e9dicinales r\u00e9alis\u00e9e \u00e0 partir de plantes fra\u00eeches cueillies sur place.<\/strong><\/p>\n<p><strong>Agriculture Biologique, SIMPLES<\/strong><\/p>\n<div>Exp\u00e9dition par la poste entre 2 et 4 jours.<\/div>\n<div>T\u00e9l\u00e9phone : 06 76 71 95 67<\/div>\n<div>Email : <a class=\"dropdown\" href=\"mailto:verdonrosesetaromes@hotmail.fr\">verdonrosesetaromes@hotmail.fr<\/a><\/div>\n<div>\n<p>Paiement s\u00e9curis\u00e9 par Carte Bancaire ou par ch\u00e8que.<\/p>\n<\/div>\n","protected":false},"featured_media":6404,"comment_status":"open","ping_status":"closed","template":"","meta":{"om_disable_all_campaigns":false,"ocean_post_layout":"","ocean_both_sidebars_style":"","ocean_both_sidebars_content_width":0,"ocean_both_sidebars_sidebars_width":0,"ocean_sidebar":"0","ocean_second_sidebar":"0","ocean_disable_margins":"enable","ocean_add_body_class":"","ocean_shortcode_before_top_bar":"","ocean_shortcode_after_top_bar":"","ocean_shortcode_before_header":"","ocean_shortcode_after_header":"","ocean_has_shortcode":"","ocean_shortcode_after_title":"","ocean_shortcode_before_footer_widgets":"","ocean_shortcode_after_footer_widgets":"","ocean_shortcode_before_footer_bottom":"","ocean_shortcode_after_footer_bottom":"","ocean_display_top_bar":"default","ocean_display_header":"default","ocean_header_style":"","ocean_center_header_left_menu":"0","ocean_custom_header_template":"0","ocean_custom_logo":0,"ocean_custom_retina_logo":0,"ocean_custom_logo_max_width":0,"ocean_custom_logo_tablet_max_width":0,"ocean_custom_logo_mobile_max_width":0,"ocean_custom_logo_max_height":0,"ocean_custom_logo_tablet_max_height":0,"ocean_custom_logo_mobile_max_height":0,"ocean_header_custom_menu":"0","ocean_menu_typo_font_family":"0","ocean_menu_typo_font_subset":"","ocean_menu_typo_font_size":0,"ocean_menu_typo_font_size_tablet":0,"ocean_menu_typo_font_size_mobile":0,"ocean_menu_typo_font_size_unit":"px","ocean_menu_typo_font_weight":"","ocean_menu_typo_font_weight_tablet":"","ocean_menu_typo_font_weight_mobile":"","ocean_menu_typo_transform":"","ocean_menu_typo_transform_tablet":"","ocean_menu_typo_transform_mobile":"","ocean_menu_typo_line_height":0,"ocean_menu_typo_line_height_tablet":0,"ocean_menu_typo_line_height_mobile":0,"ocean_menu_typo_line_height_unit":"","ocean_menu_typo_spacing":0,"ocean_menu_typo_spacing_tablet":0,"ocean_menu_typo_spacing_mobile":0,"ocean_menu_typo_spacing_unit":"","ocean_menu_link_color":"","ocean_menu_link_color_hover":"","ocean_menu_link_color_active":"","ocean_menu_link_background":"","ocean_menu_link_hover_background":"","ocean_menu_link_active_background":"","ocean_menu_social_links_bg":"","ocean_menu_social_hover_links_bg":"","ocean_menu_social_links_color":"","ocean_menu_social_hover_links_color":"","ocean_disable_title":"default","ocean_disable_heading":"default","ocean_post_title":"","ocean_post_subheading":"","ocean_post_title_style":"","ocean_post_title_background_color":"","ocean_post_title_background":0,"ocean_post_title_bg_image_position":"","ocean_post_title_bg_image_attachment":"","ocean_post_title_bg_image_repeat":"","ocean_post_title_bg_image_size":"","ocean_post_title_height":0,"ocean_post_title_bg_overlay":0.5,"ocean_post_title_bg_overlay_color":"","ocean_disable_breadcrumbs":"default","ocean_breadcrumbs_color":"","ocean_breadcrumbs_separator_color":"","ocean_breadcrumbs_links_color":"","ocean_breadcrumbs_links_hover_color":"","ocean_display_footer_widgets":"default","ocean_display_footer_bottom":"default","ocean_custom_footer_template":"0"},"product_brand":[],"product_cat":[179],"product_tag":[],"class_list":{"0":"post-8079","1":"product","2":"type-product","3":"status-publish","4":"has-post-thumbnail","6":"product_cat-les-alcolatures-phytflor","7":"product_shipping_class-tranche1","9":"entry","10":"has-media","12":"first","13":"instock","14":"sale","15":"taxable","16":"shipping-taxable","17":"purchasable","18":"product-type-simple","19":"col","20":"span_1_of_4","21":"owp-content-center","22":"owp-thumbs-layout-horizontal","23":"owp-btn-very-big","24":"owp-tabs-layout-horizontal","25":"has-no-thumbnails"},"_links":{"self":[{"href":"https:\/\/www.verdon-rosesetaromes.com\/index.php?rest_route=\/wp\/v2\/product\/8079","targetHints":{"allow":["GET"]}}],"collection":[{"href":"https:\/\/www.verdon-rosesetaromes.com\/index.php?rest_route=\/wp\/v2\/product"}],"about":[{"href":"https:\/\/www.verdon-rosesetaromes.com\/index.php?rest_route=\/wp\/v2\/types\/product"}],"replies":[{"embeddable":true,"href":"https:\/\/www.verdon-rosesetaromes.com\/index.php?rest_route=%2Fwp%2Fv2%2Fcomments&post=8079"}],"version-history":[{"count":1,"href":"https:\/\/www.verdon-rosesetaromes.com\/index.php?rest_route=\/wp\/v2\/product\/8079\/revisions"}],"predecessor-version":[{"id":8080,"href":"https:\/\/www.verdon-rosesetaromes.com\/index.php?rest_route=\/wp\/v2\/product\/8079\/revisions\/8080"}],"wp:featuredmedia":[{"embeddable":true,"href":"https:\/\/www.verdon-rosesetaromes.com\/index.php?rest_route=\/wp\/v2\/media\/6404"}],"wp:attachment":[{"href":"https:\/\/www.verdon-rosesetaromes.com\/index.php?rest_route=%2Fwp%2Fv2%2Fmedia&parent=8079"}],"wp:term":[{"taxonomy":"product_brand","embeddable":true,"href":"https:\/\/www.verdon-rosesetaromes.com\/index.php?rest_route=%2Fwp%2Fv2%2Fproduct_brand&post=8079"},{"taxonomy":"product_cat","embeddable":true,"href":"https:\/\/www.verdon-rosesetaromes.com\/index.php?rest_route=%2Fwp%2Fv2%2Fproduct_cat&post=8079"},{"taxonomy":"product_tag","embeddable":true,"href":"https:\/\/www.verdon-rosesetaromes.com\/index.php?rest_route=%2Fwp%2Fv2%2Fproduct_tag&post=8079"}],"curies":[{"name":"wp","href":"https:\/\/api.w.org\/{rel}","templated":true}]}}