{"id":8081,"date":"2026-05-01T10:22:39","date_gmt":"2026-05-01T08:22:39","guid":{"rendered":"https:\/\/www.verdon-rosesetaromes.com\/?post_type=product&#038;p=8081"},"modified":"2026-05-01T10:22:39","modified_gmt":"2026-05-01T08:22:39","slug":"lotier-cornicule-date-courte","status":"publish","type":"product","link":"https:\/\/www.verdon-rosesetaromes.com\/?product=lotier-cornicule-date-courte","title":{"rendered":"Lotier Cornicul\u00e9 &#8211; Date courte"},"content":{"rendered":"<p><strong>L&rsquo;alcoolature de lotier cornicul\u00e9 s&rsquo;utilise sous forme de cure pouvant \u00eatre renouvel\u00e9e plusieurs fois en respectant de pr\u00e9f\u00e9rence une coupure de quelques jours entre chaque cycle.<\/strong><\/p>\n<p><strong>Compl\u00e9ment alimentaire ne pouvant se substituer \u00e0 une alimentation vari\u00e9e et \u00e9quilibr\u00e9e.\u00a0<\/strong><\/p>\n<p><strong>Ne pas d\u00e9passer la DJR.<\/strong><\/p>\n<p><strong>Composition : lotier cornicul\u00e9 parties a\u00e9riennes fleuries**, alcool*, eau de source. (alc. 50%vol.)<\/strong><\/p>\n<p><strong>* : issu de l&rsquo;agriculture biologique<\/strong><\/p>\n<p><strong>** : produit \u00e0 la ferme et issu de l&rsquo;agriculture biologique.<\/strong><\/p>\n<p>&nbsp;<\/p>\n","protected":false},"excerpt":{"rendered":"<div class=\"woocommerce-product-details__short-description\">\n<div class=\"woocommerce-product-details__short-description\">\n<p><strong>DDM : 6\/26<\/strong><\/p>\n<p><strong>50 ml<\/strong><\/p>\n<p><strong>Flacon compte goutte.<\/strong><\/p>\n<p><strong>L&rsquo;alcoolature de lotier cornicul\u00e9 a une action s\u00e9dative, favorise un meilleur sommeil, contribue \u00e0 apaiser les \u00e9tats anxieux et l\u2019hyper \u00e9motivit\u00e9. <\/strong><strong>Stimule la microflore intestinale et la r\u00e9sistance de l\u2019organisme.<\/strong><\/p>\n<p><strong>Solution buvable de plantes m\u00e9dicinales r\u00e9alis\u00e9e \u00e0 partir de plantes fra\u00eeches r\u00e9colt\u00e9es sur place.<\/strong><\/p>\n<p><strong>Agriculture Biologique, SIMPLES.<\/strong><\/p>\n<div>Exp\u00e9dition par la poste entre 2 et 4 jours.<\/div>\n<div>T\u00e9l\u00e9phone : 06 76 71 95 67<\/div>\n<div>Email : <a class=\"dropdown\" href=\"mailto:verdonrosesetaromes@hotmail.fr\">verdonrosesetaromes@hotmail.fr<\/a><\/div>\n<div>\n<p>Paiement s\u00e9curis\u00e9 par Carte Bancaire ou par ch\u00e8que.<\/p>\n<\/div>\n<\/div>\n<\/div>\n","protected":false},"featured_media":5688,"comment_status":"open","ping_status":"closed","template":"","meta":{"om_disable_all_campaigns":false,"ocean_post_layout":"","ocean_both_sidebars_style":"","ocean_both_sidebars_content_width":0,"ocean_both_sidebars_sidebars_width":0,"ocean_sidebar":"0","ocean_second_sidebar":"0","ocean_disable_margins":"enable","ocean_add_body_class":"","ocean_shortcode_before_top_bar":"","ocean_shortcode_after_top_bar":"","ocean_shortcode_before_header":"","ocean_shortcode_after_header":"","ocean_has_shortcode":"","ocean_shortcode_after_title":"","ocean_shortcode_before_footer_widgets":"","ocean_shortcode_after_footer_widgets":"","ocean_shortcode_before_footer_bottom":"","ocean_shortcode_after_footer_bottom":"","ocean_display_top_bar":"default","ocean_display_header":"default","ocean_header_style":"","ocean_center_header_left_menu":"0","ocean_custom_header_template":"0","ocean_custom_logo":0,"ocean_custom_retina_logo":0,"ocean_custom_logo_max_width":0,"ocean_custom_logo_tablet_max_width":0,"ocean_custom_logo_mobile_max_width":0,"ocean_custom_logo_max_height":0,"ocean_custom_logo_tablet_max_height":0,"ocean_custom_logo_mobile_max_height":0,"ocean_header_custom_menu":"0","ocean_menu_typo_font_family":"0","ocean_menu_typo_font_subset":"","ocean_menu_typo_font_size":0,"ocean_menu_typo_font_size_tablet":0,"ocean_menu_typo_font_size_mobile":0,"ocean_menu_typo_font_size_unit":"px","ocean_menu_typo_font_weight":"","ocean_menu_typo_font_weight_tablet":"","ocean_menu_typo_font_weight_mobile":"","ocean_menu_typo_transform":"","ocean_menu_typo_transform_tablet":"","ocean_menu_typo_transform_mobile":"","ocean_menu_typo_line_height":0,"ocean_menu_typo_line_height_tablet":0,"ocean_menu_typo_line_height_mobile":0,"ocean_menu_typo_line_height_unit":"","ocean_menu_typo_spacing":0,"ocean_menu_typo_spacing_tablet":0,"ocean_menu_typo_spacing_mobile":0,"ocean_menu_typo_spacing_unit":"","ocean_menu_link_color":"","ocean_menu_link_color_hover":"","ocean_menu_link_color_active":"","ocean_menu_link_background":"","ocean_menu_link_hover_background":"","ocean_menu_link_active_background":"","ocean_menu_social_links_bg":"","ocean_menu_social_hover_links_bg":"","ocean_menu_social_links_color":"","ocean_menu_social_hover_links_color":"","ocean_disable_title":"default","ocean_disable_heading":"default","ocean_post_title":"","ocean_post_subheading":"","ocean_post_title_style":"","ocean_post_title_background_color":"","ocean_post_title_background":0,"ocean_post_title_bg_image_position":"","ocean_post_title_bg_image_attachment":"","ocean_post_title_bg_image_repeat":"","ocean_post_title_bg_image_size":"","ocean_post_title_height":0,"ocean_post_title_bg_overlay":0.5,"ocean_post_title_bg_overlay_color":"","ocean_disable_breadcrumbs":"default","ocean_breadcrumbs_color":"","ocean_breadcrumbs_separator_color":"","ocean_breadcrumbs_links_color":"","ocean_breadcrumbs_links_hover_color":"","ocean_display_footer_widgets":"default","ocean_display_footer_bottom":"default","ocean_custom_footer_template":"0"},"product_brand":[],"product_cat":[179],"product_tag":[315,304,317,347,286,316,319,318],"class_list":{"0":"post-8081","1":"product","2":"type-product","3":"status-publish","4":"has-post-thumbnail","6":"product_cat-les-alcolatures-phytflor","7":"product_tag-action-sedative","8":"product_tag-alcolature","9":"product_tag-apaiser-les-etats-anxieux-et-lhyper-emotivite","10":"product_tag-eau-de-source","11":"product_tag-lotier-cornicule","12":"product_tag-meilleur-sommeil","13":"product_tag-resistance-de-lorganisme","14":"product_tag-stimule-la-microflore-intestinale","16":"entry","17":"has-media","19":"first","20":"instock","21":"sale","22":"taxable","23":"shipping-taxable","24":"purchasable","25":"product-type-simple","26":"col","27":"span_1_of_4","28":"owp-content-center","29":"owp-thumbs-layout-horizontal","30":"owp-btn-very-big","31":"owp-tabs-layout-horizontal","32":"has-no-thumbnails"},"_links":{"self":[{"href":"https:\/\/www.verdon-rosesetaromes.com\/index.php?rest_route=\/wp\/v2\/product\/8081","targetHints":{"allow":["GET"]}}],"collection":[{"href":"https:\/\/www.verdon-rosesetaromes.com\/index.php?rest_route=\/wp\/v2\/product"}],"about":[{"href":"https:\/\/www.verdon-rosesetaromes.com\/index.php?rest_route=\/wp\/v2\/types\/product"}],"replies":[{"embeddable":true,"href":"https:\/\/www.verdon-rosesetaromes.com\/index.php?rest_route=%2Fwp%2Fv2%2Fcomments&post=8081"}],"version-history":[{"count":1,"href":"https:\/\/www.verdon-rosesetaromes.com\/index.php?rest_route=\/wp\/v2\/product\/8081\/revisions"}],"predecessor-version":[{"id":8082,"href":"https:\/\/www.verdon-rosesetaromes.com\/index.php?rest_route=\/wp\/v2\/product\/8081\/revisions\/8082"}],"wp:featuredmedia":[{"embeddable":true,"href":"https:\/\/www.verdon-rosesetaromes.com\/index.php?rest_route=\/wp\/v2\/media\/5688"}],"wp:attachment":[{"href":"https:\/\/www.verdon-rosesetaromes.com\/index.php?rest_route=%2Fwp%2Fv2%2Fmedia&parent=8081"}],"wp:term":[{"taxonomy":"product_brand","embeddable":true,"href":"https:\/\/www.verdon-rosesetaromes.com\/index.php?rest_route=%2Fwp%2Fv2%2Fproduct_brand&post=8081"},{"taxonomy":"product_cat","embeddable":true,"href":"https:\/\/www.verdon-rosesetaromes.com\/index.php?rest_route=%2Fwp%2Fv2%2Fproduct_cat&post=8081"},{"taxonomy":"product_tag","embeddable":true,"href":"https:\/\/www.verdon-rosesetaromes.com\/index.php?rest_route=%2Fwp%2Fv2%2Fproduct_tag&post=8081"}],"curies":[{"name":"wp","href":"https:\/\/api.w.org\/{rel}","templated":true}]}}